{"id":835,"date":"2015-11-20T15:33:06","date_gmt":"2015-11-20T14:33:06","guid":{"rendered":"http:\/\/4v.fr\/marketing-tourisme\/?page_id=835"},"modified":"2023-11-14T15:02:23","modified_gmt":"2023-11-14T14:02:23","slug":"enquete-sites-touristiques","status":"publish","type":"page","link":"https:\/\/4v.fr\/marketing-tourisme\/enquete-sites-touristiques\/","title":{"rendered":"La fr\u00e9quentation de vos sites et manifestations touristiques"},"content":{"rendered":"\n<p><a href=\"http:\/\/4v.fr\/marketing-tourisme\/wp-content\/uploads\/2015\/11\/etude_site_4V_0.png\"><\/a><\/p>\n\n\n\n<h2 class=\"wp-block-heading\">Collecter les fr\u00e9quentations touristiques de son territoire est long et fastidieux&#8230;<\/h2>\n\n\n\n<figure class=\"wp-block-image size-large\"><img decoding=\"async\" src=\"http:\/\/4v.fr\/marketing-tourisme\/wp-content\/uploads\/2015\/11\/etude_site_4V_0.png\" alt=\"\" \/><\/figure>\n\n\n\n<p class=\"has-text-align-left\">Vous le savez bien, c&rsquo;est peut-\u00eatre l&rsquo;une de vos missions !<br>Collecter les donn\u00e9es de fr\u00e9quentation de vos sites et de vos manifestations touristiques est important mais fastidieux et vous demande d&rsquo;investir beaucoup de temps.<\/p>\n\n\n\n<h3 class=\"wp-block-heading has-text-align-left\">La fr\u00e9quentation des sites touristiques&nbsp;: une donn\u00e9e importante<\/h3>\n\n\n\n<div class=\"wp-block-group\"><div class=\"wp-block-group__inner-container is-layout-flow wp-block-group-is-layout-flow\">\n<p><strong>Un indicateur de plus en plus pertinent<\/strong><\/p>\n\n\n\n<p>La fr\u00e9quentation des sites touristiques donne un argument suppl\u00e9mentaire \u00e0 vos publications et \u00e0 vos analyses.<br>Suivi dans le temps, cet indicateur permet de mettre en \u00e9vidence des tendances importantes, des tendances sectorielles.<br>Le suivi de la progression du tourisme local et de l&rsquo;excursionnisme s&rsquo;y retrouve.<\/p>\n\n\n\n<h3 class=\"wp-block-heading\">La fr\u00e9quentation des sites touristiques : une donn\u00e9e \u00e0 ne pas bricoler<\/h3>\n<\/div><\/div>\n\n\n\n<div class=\"wp-block-group\"><div class=\"wp-block-group__inner-container is-layout-flow wp-block-group-is-layout-flow\">\n<p class=\"has-text-align-left\"><strong>Un indicateur qui demande une attention particuli\u00e8re<\/strong><\/p>\n\n\n\n<p class=\"has-text-align-left\">Des th\u00e9matiques et des secteurs doivent \u00eatre diff\u00e9renci\u00e9s : mus\u00e9es, attractions, sites religieux&#8230;<br>Les donn\u00e9es collect\u00e9es peuvent \u00eatre tr\u00e8s diverses : payantes, gratuites, comptabilis\u00e9es, estim\u00e9es&#8230;<br>Les donn\u00e9es calcul\u00e9es doivent donc \u00eatre consolid\u00e9es coh\u00e9rentes et justifiables<br><\/p>\n\n\n\n<figure class=\"wp-block-image size-large\"><img decoding=\"async\" src=\"http:\/\/4v.fr\/marketing-tourisme\/wp-content\/uploads\/2015\/12\/etude_site_4V_1.png\" alt=\"\" \/><\/figure>\n<\/div><\/div>\n\n\n\n<h2 class=\"wp-block-heading has-text-align-left\">Notre volont\u00e9 : vous apporter une solution rapide, simple et efficace<\/h2>\n\n\n\n<p class=\"has-text-align-left\">Nous vous proposons de mettre en place ensemble un dispositif web simple, peu co\u00fbteux, dynamique et \u00e9volutif afin de r\u00e9aliser le travail de r\u00e9colte, de relance, de consolidation, de production et de pr\u00e9sentation de vos r\u00e9sultats.<\/p>\n\n\n\n<p class=\"has-text-align-left\">Une question ? <a href=\"mailto:vidal@4v.fr\">vidal@4v.fr<\/a><\/p>\n\n\n\n<h3 class=\"wp-block-heading has-text-align-left\">Dispositif moderne et 100% en ligne<\/h3>\n\n\n\n<p class=\"has-text-align-left\">E-mail personnalis\u00e9 envoy\u00e9 aux sites et chart\u00e9 \u00e0 votre convenance<br>Un formulaire de saisie chart\u00e9 graphiquement \u00e0 votre convenance<br>Le formulaire est personnalis\u00e9, simple, ergonomique et donc rapide<br>Possibilit\u00e9 pour chaque site interrog\u00e9 de revenir sur sa fiche pour corriger ou reprendre une saisie<\/p>\n\n\n\n<h3 class=\"wp-block-heading has-text-align-left\">100% pilotable en ligne<\/h3>\n\n\n\n<p class=\"has-text-align-left\">Vous disposez d&rsquo;un identifiant et d&rsquo;un mot de passe pour acc\u00e9der \u00e0 votre compte<br>Vous suivez sur une seule interface l&rsquo;avanc\u00e9 de l&rsquo;ensemble du dispositif<br>Vous pouvez interagir sur le dispositif si vous le souhaitez<br>Vous pouvez solliciter une intervention ou demander une modification<br><\/p>\n\n\n\n<h3 class=\"wp-block-heading has-text-align-left\">Suivi en temps r\u00e9el du dispositif<\/h3>\n\n\n\n<p class=\"has-text-align-left\">Suivi et mise \u00e0 jour de la base d&rsquo;enqu\u00eate<br>Suivi des modifications et des mises \u00e0 jour du dispositif<br>Suivi des op\u00e9rations d&rsquo;e-mailing et de relance<br>Suivi des taux de r\u00e9ponses et des r\u00e9sultats<br>Acc\u00e8s permanent \u00e0 tous les r\u00e9sultats mis en forme<br><\/p>\n\n\n\n<figure class=\"wp-block-image size-large\"><img decoding=\"async\" src=\"http:\/\/4v.fr\/marketing-tourisme\/wp-content\/uploads\/2016\/01\/etude_site_4V_12.png\" alt=\"\" \/><\/figure>\n\n\n\n<h2 class=\"wp-block-heading has-text-align-left\">Le budget de ce genre d&rsquo;op\u00e9ration doit \u00eatre proportionn\u00e9 \u00e0 votre territoire<\/h2>\n\n\n\n<div class=\"wp-block-group\"><div class=\"wp-block-group__inner-container is-layout-flow wp-block-group-is-layout-flow\">\n<p class=\"has-text-align-left\">Notre mod\u00e8le \u00e9conomique est bas\u00e9 sur un dispositif simple, rapide et donc peu co\u00fbteux.<br>Un investissement raisonn\u00e9 : le dispositif mis en place est p\u00e9renne et dimensionn\u00e9 pour vous<\/p>\n\n\n\n<p>Une question &nbsp;<a href=\"mailto:vidal@4v.fr\">vidal@4v.fr<\/a><\/p>\n<\/div><\/div>\n\n\n\n<h3 class=\"wp-block-heading has-text-align-left\"><br>Budget modulable<\/h3>\n\n\n\n<p>S&rsquo;entend pour un dispositif complet (des enqu\u00eates aux r\u00e9sultats) concernant un territoire et une base d&rsquo;enqu\u00eate de <strong>500 sites touristiques<\/strong><br>Est adaptable pour des besoins multi-territoriaux<br>Est redimensionnable si besoin d&rsquo;un nombre de sites \u00e0 enqu\u00eater sup\u00e9rieur \u00e0 500<\/p>\n\n\n\n<h3 class=\"wp-block-heading\">Mise en place<\/h3>\n\n\n\n<p><strong>Premi\u00e8re ann\u00e9e : 3.490\u20ac HT<\/strong><\/p>\n\n\n\n<p>Ce co\u00fbt comprend la mise en place technique du dispositif et des toutes ses composantes techniques<br>Toutes les mises en forme, les int\u00e9grations, les param\u00e9trages et les tests initiaux<br>La premi\u00e8re ann\u00e9e de fonctionnement du dispositif dans son int\u00e9gralit\u00e9<\/p>\n\n\n\n<h3 class=\"wp-block-heading\">Ann\u00e9es suivantes : 2.490\u20ac HT\/an<\/h3>\n\n\n\n<p>Pour une ann\u00e9e de fonctionnement de l&rsquo;enqu\u00eate jusqu&rsquo;aux r\u00e9sultats<br>Comprenant l&rsquo;int\u00e9gration de modifications et d&rsquo;\u00e9volutions mineures<br>Comprenant l&rsquo;h\u00e9bergement technique du dispositif dans son ensemble<br><\/p>\n\n\n\n<p><em>Ces tarifs sont donn\u00e9s \u00e0 titre indicatif et font toujours l&rsquo;objet d&rsquo;une adaptation \u00e0 votre cas particulier. Par exemple, pour une souscription multi-territoires (une r\u00e9gion et ses d\u00e9partements, ou des d\u00e9partements ensemble) des tarifs mutualis\u00e9s sont \u00e9tudi\u00e9s sp\u00e9cifiquement.<\/em><\/p>\n\n\n\n<figure class=\"wp-block-image size-large\"><img decoding=\"async\" src=\"http:\/\/4v.fr\/marketing-tourisme\/wp-content\/uploads\/2016\/01\/etude_site_4V_10.png\" alt=\"\" \/><\/figure>\n\n\n\n<h3 class=\"wp-block-heading\">Mettons en place ce dispositif sur votre territoire<\/h3>\n\n\n\n<p>A partir du moment o\u00f9 la base d&rsquo;enqu\u00eate est d\u00e9finie, nous pouvons mettre en place le dispositif dans le mois qui suit.<br>Tout le dispositif est suivi directement par Vivian VIDAL qui sera votre contact direct.<\/p>\n\n\n\n<p>Une question ? <a href=\"mailto:vidal@4v.fr\">vidal@4v.fr<\/a><\/p>\n\n\n\n<p><em>Vivian VIDAL a une grande exp\u00e9rience des dispositifs d&rsquo;enqu\u00eates dans le monde du tourisme. Il a mis en place l&rsquo;observatoire r\u00e9gional du tourisme du Languedoc-Roussillon, puis a cr\u00e9\u00e9 son propre cabinet d&rsquo;\u00e9tudes et a depuis conduit de nombreuses enqu\u00eates (de fr\u00e9quentation, de satisfaction, de conjoncture, de client\u00e8les&#8230;) pour des territoires et des entreprises touristiques. Il a tr\u00e8s souvent d\u00e9velopp\u00e9 des dispositifs adapt\u00e9s, efficaces et souvent novateurs gr\u00e2ce \u00e0 son expertise sp\u00e9cifique dans le tourisme, la statistique et les dispositifs web.<\/em><\/p>\n","protected":false},"excerpt":{"rendered":"<p>Collecter les fr\u00e9quentations touristiques de son territoire est long et fastidieux&#8230; Vous le savez bien, c&rsquo;est peut-\u00eatre l&rsquo;une de vos missions !Collecter les donn\u00e9es de&hellip; <br \/> <a class=\"read-more\" href=\"https:\/\/4v.fr\/marketing-tourisme\/enquete-sites-touristiques\/\">Lire la suite<\/a><\/p>\n","protected":false},"author":1,"featured_media":0,"parent":0,"menu_order":0,"comment_status":"open","ping_status":"closed","template":"page-templates\/homepage.php","meta":{"_monsterinsights_skip_tracking":false,"_monsterinsights_sitenote_active":false,"_monsterinsights_sitenote_note":"","_monsterinsights_sitenote_category":0,"slim_seo":{"title":"La fr\u00e9quentation de vos sites et manifestations touristiques - 4V Tourisme Marketing Etude Enquete Conseil Formation Coaching Conf\u00e9rence","description":"Collecter les fr\u00e9quentations touristiques de son territoire est long et fastidieux... Vous le savez bien, c'est peut-\u00eatre l'une de vos missions ! Collecter les"},"footnotes":""},"wf_page_folders":[],"class_list":["post-835","page","type-page","status-publish","hentry"],"_links":{"self":[{"href":"https:\/\/4v.fr\/marketing-tourisme\/wp-json\/wp\/v2\/pages\/835","targetHints":{"allow":["GET"]}}],"collection":[{"href":"https:\/\/4v.fr\/marketing-tourisme\/wp-json\/wp\/v2\/pages"}],"about":[{"href":"https:\/\/4v.fr\/marketing-tourisme\/wp-json\/wp\/v2\/types\/page"}],"author":[{"embeddable":true,"href":"https:\/\/4v.fr\/marketing-tourisme\/wp-json\/wp\/v2\/users\/1"}],"replies":[{"embeddable":true,"href":"https:\/\/4v.fr\/marketing-tourisme\/wp-json\/wp\/v2\/comments?post=835"}],"version-history":[{"count":0,"href":"https:\/\/4v.fr\/marketing-tourisme\/wp-json\/wp\/v2\/pages\/835\/revisions"}],"wp:attachment":[{"href":"https:\/\/4v.fr\/marketing-tourisme\/wp-json\/wp\/v2\/media?parent=835"}],"wp:term":[{"taxonomy":"wf_page_folders","embeddable":true,"href":"https:\/\/4v.fr\/marketing-tourisme\/wp-json\/wp\/v2\/wf_page_folders?post=835"}],"curies":[{"name":"wp","href":"https:\/\/api.w.org\/{rel}","templated":true}]}}