{"id":2836,"date":"2020-09-27T14:09:52","date_gmt":"2020-09-27T13:09:52","guid":{"rendered":"https:\/\/4v.fr\/marketing-tourisme\/?page_id=2836"},"modified":"2025-10-24T09:51:44","modified_gmt":"2025-10-24T08:51:44","slug":"cabinet-4v-etudes","status":"publish","type":"page","link":"https:\/\/4v.fr\/marketing-tourisme\/cabinet-4v-etudes\/","title":{"rendered":"ETUDES"},"content":{"rendered":"\n<h2 class=\"wp-block-heading\">La bonne donn\u00e9e peut orienter la bonne strat\u00e9gie.<\/h2>\n\n\n\n<div style=\"height:50px\" aria-hidden=\"true\" class=\"wp-block-spacer\"><\/div>\n\n\n\n<div class=\"wp-block-media-text alignwide is-image-fill-element is-stacked-on-mobile\"><figure class=\"wp-block-media-text__media\"><img loading=\"lazy\" decoding=\"async\" width=\"636\" height=\"636\" src=\"https:\/\/4v.fr\/marketing-tourisme\/wp-content\/uploads\/2019\/12\/cropped-vivian_vidal_centre.jpg\" alt=\"Cropped vivian vidal centre.jpg\" class=\"wp-image-2668 size-full\" style=\"object-position:50% 50%\" srcset=\"https:\/\/4v.fr\/marketing-tourisme\/wp-content\/uploads\/2019\/12\/cropped-vivian_vidal_centre.jpg 636w, https:\/\/4v.fr\/marketing-tourisme\/wp-content\/uploads\/2019\/12\/cropped-vivian_vidal_centre-300x300.jpg 300w, https:\/\/4v.fr\/marketing-tourisme\/wp-content\/uploads\/2019\/12\/cropped-vivian_vidal_centre-150x150.jpg 150w, https:\/\/4v.fr\/marketing-tourisme\/wp-content\/uploads\/2019\/12\/cropped-vivian_vidal_centre-50x50.jpg 50w\" sizes=\"auto, (max-width: 636px) 100vw, 636px\" \/><\/figure><div class=\"wp-block-media-text__content\">\n<blockquote class=\"wp-block-quote is-layout-flow wp-block-quote-is-layout-flow\">\n<p>Le monde bouge, les client\u00e8les changent, tout va tr\u00e8s vite\u2026 Il peut \u00eatre d\u00e9terminant de mettre en place un dispositif d\u2019\u00e9tude ou d\u2019enqu\u00eate pour disposer d\u2019\u00e9l\u00e9ments concrets d\u2019aide \u00e0 la r\u00e9flexion. \u00c9tudier l\u2019offre pr\u00e9cise d\u2019un territoire, conna\u00eetre le profil d\u2019une client\u00e8le, analyser la satisfaction des touristes, \u00e9valuer les d\u00e9penses touristique \u2026 autant d\u2019\u00e9l\u00e9ments parfois indispensables avant de se lancer dans des missions de conseil ou d\u2019accompagnement strat\u00e9gique.<\/p>\n<\/blockquote>\n<\/div><\/div>\n\n\n\n<div style=\"height:50px\" aria-hidden=\"true\" class=\"wp-block-spacer\"><\/div>\n\n\n\n<h2 class=\"wp-block-heading has-text-align-left\"><strong>Des petits d\u00e9tails qui font la diff\u00e9rence<\/strong><\/h2>\n\n\n\n<div class=\"wp-block-group\"><div class=\"wp-block-group__inner-container is-layout-flow wp-block-group-is-layout-flow\">\n<div class=\"wp-block-group\"><div class=\"wp-block-group__inner-container is-layout-flow wp-block-group-is-layout-flow\">\n<div class=\"wp-block-group\"><div class=\"wp-block-group__inner-container is-layout-flow wp-block-group-is-layout-flow\"><\/div><\/div>\n\n\n\n<h4 class=\"wp-block-heading has-text-align-left\">Exp\u00e9rience d\u2019enqu\u00eates et d\u2019\u00e9tudes dans le tourisme<br>M\u00e9thodologies \u00e9prouv\u00e9es et valid\u00e9es<br>Expertise statistique sur les enqu\u00eates quantitatives<br>Ma\u00eetrise des techniques d&rsquo;enqu\u00eate qualitatives (entretiens individuels, focus group &#8211; pr\u00e9sentiel et distanciel)<br>Ma\u00eetrise des outils d\u2019enqu\u00eate terrain<br>Adaptation possible d\u2019un nouveau process \u00e0 chaque demande<br>Apport de conseils m\u00e9thodologiques en amont des op\u00e9rations<br>Mise en place de dispositifs d&rsquo;enqu\u00eates en ligne<br>Gestion d\u2019op\u00e9rations lourdes, multi-sites ou multilingues<\/h4>\n<\/div><\/div>\n\n\n\n<p><\/p>\n<\/div><\/div>\n\n\n\n<div style=\"height:50px\" aria-hidden=\"true\" class=\"wp-block-spacer\"><\/div>\n\n\n\n<h2 class=\"wp-block-heading has-text-align-left\"><strong>Exemples de missions<\/strong><\/h2>\n\n\n\n<div style=\"height:20px\" aria-hidden=\"true\" class=\"wp-block-spacer\"><\/div>\n\n\n\n<h4 class=\"wp-block-heading has-text-align-left\"><strong>Client&nbsp;: Structure d\u00e9partementale (ADT)<\/strong><\/h4>\n\n\n\n<p class=\"has-text-align-left\"><strong>Objectifs du client&nbsp;: <\/strong>\u00c9tablir un diagnostic pr\u00e9cis de l\u2019offre h\u00f4teli\u00e8re de son territoire et r\u00e9fl\u00e9chir \u00e0 des positionnements marketing<\/p>\n\n\n\n<p class=\"has-text-align-left\"><strong>M\u00e9thode et r\u00e9sultats&nbsp;: <\/strong>\u00c9tude de toutes les donn\u00e9es statistiques du territoire et des territoires concurrents, analyse d\u00e9taill\u00e9e de l\u2019offre qualitative, \u00e9tablissement de cartes de positionnement concurrentielles, rencontres et interviews de personnes ressources sur les territoires, croisement avec des donn\u00e9es nationales et internationales, synth\u00e8se et pr\u00e9conisations d\u2019actions.<\/p>\n\n\n\n<div class=\"wp-block-group\"><div class=\"wp-block-group__inner-container is-layout-flow wp-block-group-is-layout-flow\">\n<p class=\"has-text-align-left\"><strong>\u00c9tude sur 6 mois<\/strong>&nbsp;: Beaucoup d\u2019\u00e9l\u00e9ments r\u00e9colt\u00e9s, analys\u00e9s et synth\u00e9tis\u00e9s. Des pistes d\u2019actions int\u00e9ressantes et r\u00e9alistes.<\/p>\n<\/div><\/div>\n\n\n\n<div style=\"height:40px\" aria-hidden=\"true\" class=\"wp-block-spacer\"><\/div>\n\n\n\n<h4 class=\"wp-block-heading has-text-align-left\"><strong>Client&nbsp;: Structure r\u00e9gionale touristique (CRT)<\/strong><\/h4>\n\n\n\n<p class=\"has-text-align-left\"><strong>Objectifs du client&nbsp;: <\/strong>Disposer de donn\u00e9es qualitatives et de d\u00e9penses sur les client\u00e8les touristiques.<\/p>\n\n\n\n<p class=\"has-text-align-left\"><strong>M\u00e9thode et r\u00e9sultats&nbsp;:<\/strong> Mise en place d\u2019un double dispositif d\u2019enqu\u00eate (terrain et web) en 6 langues pendant 7 mois sur la r\u00e9gion et 250 sites touristiques, doubl\u00e9 par un dispositif de questionnement \u00ab\u00a0post-s\u00e9jour\u00a0\u00bb. 14.000 interviews r\u00e9colt\u00e9s et analys\u00e9s selon les r\u00e8gles statistiques arr\u00eat\u00e9es avec le commanditaire. R\u00e9sultats produits \u00e0 l\u2019\u00e9chelle r\u00e9gionale, d\u00e9partementale et locale.<\/p>\n\n\n\n<div class=\"wp-block-group\"><div class=\"wp-block-group__inner-container is-layout-flow wp-block-group-is-layout-flow\">\n<p class=\"has-text-align-left\"><strong><strong>\u00c9tude de 12 mois<\/strong> <\/strong>: Processus de longue haleine, mais il est crucial de bien conna\u00eetre ses client\u00e8les pour cibler ses actions optimiser les moyens \u00e0 d\u00e9ployer.<\/p>\n<\/div><\/div>\n\n\n\n<div style=\"height:40px\" aria-hidden=\"true\" class=\"wp-block-spacer\"><\/div>\n\n\n\n<div class=\"wp-block-group\"><div class=\"wp-block-group__inner-container is-layout-flow wp-block-group-is-layout-flow\">\n<h4 class=\"wp-block-heading has-text-align-left\"><strong>Client&nbsp;: Cha\u00eene d\u2019h\u00f4tellerie de plein air<\/strong><\/h4>\n\n\n\n<p class=\"has-text-align-left\"><strong>Objectif du client&nbsp;: <\/strong>Tester l\u2019ergonomie et le process de vente de son nouveau site internet (\u00e0 sortir).<\/p>\n\n\n\n<p class=\"has-text-align-left\"><strong>M\u00e9thode et r\u00e9sultats&nbsp;: <\/strong>S\u00e9lection de 40 participants dans deux grandes villes identifi\u00e9es en fonction des crit\u00e8res du client, mise en place des sc\u00e9narios de test, mise en place des grilles d\u2019analyse et de notation, organisation logistique des tests-clients en mode distanciel avec les outils Zoom et Klaxoon (45mn par testeur), synth\u00e8se des points positifs\/n\u00e9gatifs, \u00e9tablissement d\u2019une grille d\u2019actions correctives prioritaires.<\/p>\n\n\n\n<p class=\"has-text-align-left\"><strong><strong>\u00c9tude de 10 jours<\/strong> <\/strong>: Un site web peut co\u00fbter cher et le client final voit souvent des choses que l\u2019on ne voit jamais !<\/p>\n<\/div><\/div>\n\n\n\n<div style=\"height:100px\" aria-hidden=\"true\" class=\"wp-block-spacer\"><\/div>\n\n\n\n<div class=\"wp-block-cover is-light\" style=\"min-height:100px;aspect-ratio:unset;\"><img loading=\"lazy\" decoding=\"async\" width=\"2560\" height=\"1544\" class=\"wp-block-cover__image-background wp-image-2821\" src=\"https:\/\/4v.fr\/marketing-tourisme\/wp-content\/uploads\/2020\/09\/grey-background-005.jpg\" data-object-fit=\"cover\" srcset=\"https:\/\/4v.fr\/marketing-tourisme\/wp-content\/uploads\/2020\/09\/grey-background-005.jpg 2560w, https:\/\/4v.fr\/marketing-tourisme\/wp-content\/uploads\/2020\/09\/grey-background-005-300x181.jpg 300w, https:\/\/4v.fr\/marketing-tourisme\/wp-content\/uploads\/2020\/09\/grey-background-005-1024x618.jpg 1024w, https:\/\/4v.fr\/marketing-tourisme\/wp-content\/uploads\/2020\/09\/grey-background-005-768x463.jpg 768w, https:\/\/4v.fr\/marketing-tourisme\/wp-content\/uploads\/2020\/09\/grey-background-005-1536x926.jpg 1536w, https:\/\/4v.fr\/marketing-tourisme\/wp-content\/uploads\/2020\/09\/grey-background-005-2048x1235.jpg 2048w, https:\/\/4v.fr\/marketing-tourisme\/wp-content\/uploads\/2020\/09\/grey-background-005-1791x1080.jpg 1791w\" sizes=\"auto, (max-width: 2560px) 100vw, 2560px\" \/><span aria-hidden=\"true\" class=\"wp-block-cover__background has-cyan-bluish-gray-background-color has-background-dim-40 has-background-dim\"><\/span><div class=\"wp-block-cover__inner-container is-layout-flow wp-block-cover-is-layout-flow\">\n<p class=\"has-text-align-center has-black-color has-text-color has-medium-font-size\"><strong><a href=\"https:\/\/4v.fr\/marketing-tourisme\/cabinet-4v-etudes_old\/enquete-sites-touristiques\/\" target=\"_blank\" rel=\"noreferrer noopener\">D\u00e9couvrir notre dispositif d&rsquo;enqu\u00eate de fr\u00e9quentation sur le sites et les manifestations touristiques<\/a><\/strong><\/p>\n<\/div><\/div>\n\n\n\n<div style=\"height:100px\" aria-hidden=\"true\" class=\"wp-block-spacer\"><\/div>\n\n\n\n<h2 class=\"wp-block-heading\"><strong>En images&#8230;<\/strong><\/h2>\n\n\n\n<figure class=\"wp-block-gallery has-nested-images columns-default is-cropped wp-block-gallery-1 is-layout-flex wp-block-gallery-is-layout-flex\">\n<figure class=\"wp-block-image size-large\"><img loading=\"lazy\" decoding=\"async\" width=\"1024\" height=\"437\" data-id=\"3014\" src=\"https:\/\/4v.fr\/marketing-tourisme\/wp-content\/uploads\/2020\/09\/web_AdobeStock_135122783-1024x437.jpg\" alt=\"\" class=\"wp-image-3014\" srcset=\"https:\/\/4v.fr\/marketing-tourisme\/wp-content\/uploads\/2020\/09\/web_AdobeStock_135122783-1024x437.jpg 1024w, https:\/\/4v.fr\/marketing-tourisme\/wp-content\/uploads\/2020\/09\/web_AdobeStock_135122783-300x128.jpg 300w, https:\/\/4v.fr\/marketing-tourisme\/wp-content\/uploads\/2020\/09\/web_AdobeStock_135122783-768x328.jpg 768w, https:\/\/4v.fr\/marketing-tourisme\/wp-content\/uploads\/2020\/09\/web_AdobeStock_135122783-1536x656.jpg 1536w, https:\/\/4v.fr\/marketing-tourisme\/wp-content\/uploads\/2020\/09\/web_AdobeStock_135122783.jpg 1920w\" sizes=\"auto, (max-width: 1024px) 100vw, 1024px\" \/><\/figure>\n\n\n\n<figure class=\"wp-block-image size-large\"><img loading=\"lazy\" decoding=\"async\" width=\"270\" height=\"159\" data-id=\"2607\" src=\"https:\/\/4v.fr\/marketing-tourisme\/wp-content\/uploads\/2019\/12\/data2.png\" alt=\"\" class=\"wp-image-2607\" \/><\/figure>\n\n\n\n<figure class=\"wp-block-image size-large\"><img loading=\"lazy\" decoding=\"async\" width=\"555\" height=\"331\" data-id=\"2604\" src=\"https:\/\/4v.fr\/marketing-tourisme\/wp-content\/uploads\/2019\/12\/data.png\" alt=\"\" class=\"wp-image-2604\" srcset=\"https:\/\/4v.fr\/marketing-tourisme\/wp-content\/uploads\/2019\/12\/data.png 555w, https:\/\/4v.fr\/marketing-tourisme\/wp-content\/uploads\/2019\/12\/data-300x179.png 300w\" sizes=\"auto, (max-width: 555px) 100vw, 555px\" \/><\/figure>\n\n\n\n<figure class=\"wp-block-image size-large\"><img loading=\"lazy\" decoding=\"async\" width=\"648\" height=\"305\" data-id=\"2544\" src=\"https:\/\/4v.fr\/marketing-tourisme\/wp-content\/uploads\/2019\/12\/accompagner.png\" alt=\"\" class=\"wp-image-2544\" srcset=\"https:\/\/4v.fr\/marketing-tourisme\/wp-content\/uploads\/2019\/12\/accompagner.png 648w, https:\/\/4v.fr\/marketing-tourisme\/wp-content\/uploads\/2019\/12\/accompagner-300x141.png 300w\" sizes=\"auto, (max-width: 648px) 100vw, 648px\" \/><\/figure>\n\n\n\n<figure class=\"wp-block-image size-large\"><img loading=\"lazy\" decoding=\"async\" width=\"640\" height=\"435\" data-id=\"953\" src=\"https:\/\/4v.fr\/marketing-tourisme\/wp-content\/uploads\/2015\/12\/etude_site_4V_2.png\" alt=\"\" class=\"wp-image-953\" srcset=\"https:\/\/4v.fr\/marketing-tourisme\/wp-content\/uploads\/2015\/12\/etude_site_4V_2.png 640w, https:\/\/4v.fr\/marketing-tourisme\/wp-content\/uploads\/2015\/12\/etude_site_4V_2-300x204.png 300w\" sizes=\"auto, (max-width: 640px) 100vw, 640px\" \/><\/figure>\n\n\n\n<figure class=\"wp-block-image size-large\"><img loading=\"lazy\" decoding=\"async\" width=\"1024\" height=\"683\" data-id=\"3209\" src=\"https:\/\/4v.fr\/marketing-tourisme\/wp-content\/uploads\/2020\/09\/web_AdobeStock_211732841-1024x683.jpg\" alt=\"\" class=\"wp-image-3209\" srcset=\"https:\/\/4v.fr\/marketing-tourisme\/wp-content\/uploads\/2020\/09\/web_AdobeStock_211732841-1024x683.jpg 1024w, https:\/\/4v.fr\/marketing-tourisme\/wp-content\/uploads\/2020\/09\/web_AdobeStock_211732841-300x200.jpg 300w, https:\/\/4v.fr\/marketing-tourisme\/wp-content\/uploads\/2020\/09\/web_AdobeStock_211732841-768x512.jpg 768w, https:\/\/4v.fr\/marketing-tourisme\/wp-content\/uploads\/2020\/09\/web_AdobeStock_211732841-1536x1025.jpg 1536w, https:\/\/4v.fr\/marketing-tourisme\/wp-content\/uploads\/2020\/09\/web_AdobeStock_211732841-1619x1080.jpg 1619w, https:\/\/4v.fr\/marketing-tourisme\/wp-content\/uploads\/2020\/09\/web_AdobeStock_211732841.jpg 1920w\" sizes=\"auto, (max-width: 1024px) 100vw, 1024px\" \/><\/figure>\n\n\n\n<figure class=\"wp-block-image size-large\"><img loading=\"lazy\" decoding=\"async\" width=\"1024\" height=\"712\" data-id=\"3208\" src=\"https:\/\/4v.fr\/marketing-tourisme\/wp-content\/uploads\/2020\/09\/web_AdobeStock_103149220-1024x712.jpg\" alt=\"\" class=\"wp-image-3208\" srcset=\"https:\/\/4v.fr\/marketing-tourisme\/wp-content\/uploads\/2020\/09\/web_AdobeStock_103149220-1024x712.jpg 1024w, https:\/\/4v.fr\/marketing-tourisme\/wp-content\/uploads\/2020\/09\/web_AdobeStock_103149220-300x209.jpg 300w, https:\/\/4v.fr\/marketing-tourisme\/wp-content\/uploads\/2020\/09\/web_AdobeStock_103149220-768x534.jpg 768w, https:\/\/4v.fr\/marketing-tourisme\/wp-content\/uploads\/2020\/09\/web_AdobeStock_103149220-1536x1068.jpg 1536w, https:\/\/4v.fr\/marketing-tourisme\/wp-content\/uploads\/2020\/09\/web_AdobeStock_103149220-1553x1080.jpg 1553w, https:\/\/4v.fr\/marketing-tourisme\/wp-content\/uploads\/2020\/09\/web_AdobeStock_103149220.jpg 1920w\" sizes=\"auto, (max-width: 1024px) 100vw, 1024px\" \/><\/figure>\n\n\n\n<figure class=\"wp-block-image size-large\"><img loading=\"lazy\" decoding=\"async\" width=\"1024\" height=\"683\" data-id=\"3207\" src=\"https:\/\/4v.fr\/marketing-tourisme\/wp-content\/uploads\/2020\/09\/web_AdobeStock_296359601-1024x683.jpg\" alt=\"\" class=\"wp-image-3207\" srcset=\"https:\/\/4v.fr\/marketing-tourisme\/wp-content\/uploads\/2020\/09\/web_AdobeStock_296359601-1024x683.jpg 1024w, https:\/\/4v.fr\/marketing-tourisme\/wp-content\/uploads\/2020\/09\/web_AdobeStock_296359601-300x200.jpg 300w, https:\/\/4v.fr\/marketing-tourisme\/wp-content\/uploads\/2020\/09\/web_AdobeStock_296359601-768x512.jpg 768w, https:\/\/4v.fr\/marketing-tourisme\/wp-content\/uploads\/2020\/09\/web_AdobeStock_296359601-1536x1025.jpg 1536w, https:\/\/4v.fr\/marketing-tourisme\/wp-content\/uploads\/2020\/09\/web_AdobeStock_296359601-1619x1080.jpg 1619w, https:\/\/4v.fr\/marketing-tourisme\/wp-content\/uploads\/2020\/09\/web_AdobeStock_296359601.jpg 1920w\" sizes=\"auto, (max-width: 1024px) 100vw, 1024px\" \/><\/figure>\n\n\n\n<figure class=\"wp-block-image size-large\"><img loading=\"lazy\" decoding=\"async\" width=\"1024\" height=\"683\" data-id=\"3206\" src=\"https:\/\/4v.fr\/marketing-tourisme\/wp-content\/uploads\/2020\/09\/web_AdobeStock_187277631-1024x683.jpg\" alt=\"\" class=\"wp-image-3206\" srcset=\"https:\/\/4v.fr\/marketing-tourisme\/wp-content\/uploads\/2020\/09\/web_AdobeStock_187277631-1024x683.jpg 1024w, https:\/\/4v.fr\/marketing-tourisme\/wp-content\/uploads\/2020\/09\/web_AdobeStock_187277631-300x200.jpg 300w, https:\/\/4v.fr\/marketing-tourisme\/wp-content\/uploads\/2020\/09\/web_AdobeStock_187277631-768x512.jpg 768w, https:\/\/4v.fr\/marketing-tourisme\/wp-content\/uploads\/2020\/09\/web_AdobeStock_187277631-1536x1024.jpg 1536w, https:\/\/4v.fr\/marketing-tourisme\/wp-content\/uploads\/2020\/09\/web_AdobeStock_187277631-1620x1080.jpg 1620w, https:\/\/4v.fr\/marketing-tourisme\/wp-content\/uploads\/2020\/09\/web_AdobeStock_187277631.jpg 1920w\" sizes=\"auto, (max-width: 1024px) 100vw, 1024px\" \/><\/figure>\n\n\n\n<figure class=\"wp-block-image size-large\"><img loading=\"lazy\" decoding=\"async\" width=\"1024\" height=\"412\" data-id=\"3201\" src=\"https:\/\/4v.fr\/marketing-tourisme\/wp-content\/uploads\/2020\/09\/AdobeStock_342806176-Converti-1024x412.jpg\" alt=\"\" class=\"wp-image-3201\" srcset=\"https:\/\/4v.fr\/marketing-tourisme\/wp-content\/uploads\/2020\/09\/AdobeStock_342806176-Converti-1024x412.jpg 1024w, https:\/\/4v.fr\/marketing-tourisme\/wp-content\/uploads\/2020\/09\/AdobeStock_342806176-Converti-300x121.jpg 300w, https:\/\/4v.fr\/marketing-tourisme\/wp-content\/uploads\/2020\/09\/AdobeStock_342806176-Converti-768x309.jpg 768w, https:\/\/4v.fr\/marketing-tourisme\/wp-content\/uploads\/2020\/09\/AdobeStock_342806176-Converti-1536x617.jpg 1536w, https:\/\/4v.fr\/marketing-tourisme\/wp-content\/uploads\/2020\/09\/AdobeStock_342806176-Converti-2048x823.jpg 2048w, https:\/\/4v.fr\/marketing-tourisme\/wp-content\/uploads\/2020\/09\/AdobeStock_342806176-Converti-1920x772.jpg 1920w\" sizes=\"auto, (max-width: 1024px) 100vw, 1024px\" \/><\/figure>\n\n\n\n<figure class=\"wp-block-image size-large\"><img loading=\"lazy\" decoding=\"async\" width=\"1024\" height=\"614\" data-id=\"3202\" src=\"https:\/\/4v.fr\/marketing-tourisme\/wp-content\/uploads\/2020\/09\/AdobeStock_78322947-Converti-1024x614.jpg\" alt=\"\" class=\"wp-image-3202\" srcset=\"https:\/\/4v.fr\/marketing-tourisme\/wp-content\/uploads\/2020\/09\/AdobeStock_78322947-Converti-1024x614.jpg 1024w, https:\/\/4v.fr\/marketing-tourisme\/wp-content\/uploads\/2020\/09\/AdobeStock_78322947-Converti-300x180.jpg 300w, https:\/\/4v.fr\/marketing-tourisme\/wp-content\/uploads\/2020\/09\/AdobeStock_78322947-Converti-768x461.jpg 768w, https:\/\/4v.fr\/marketing-tourisme\/wp-content\/uploads\/2020\/09\/AdobeStock_78322947-Converti-1536x922.jpg 1536w, https:\/\/4v.fr\/marketing-tourisme\/wp-content\/uploads\/2020\/09\/AdobeStock_78322947-Converti-2048x1229.jpg 2048w, https:\/\/4v.fr\/marketing-tourisme\/wp-content\/uploads\/2020\/09\/AdobeStock_78322947-Converti-1800x1080.jpg 1800w\" sizes=\"auto, (max-width: 1024px) 100vw, 1024px\" \/><\/figure>\n\n\n\n<figure class=\"wp-block-image size-large\"><img loading=\"lazy\" decoding=\"async\" width=\"512\" height=\"342\" data-id=\"2922\" src=\"https:\/\/4v.fr\/marketing-tourisme\/wp-content\/uploads\/2020\/09\/GAC.png\" alt=\"\" class=\"wp-image-2922\" srcset=\"https:\/\/4v.fr\/marketing-tourisme\/wp-content\/uploads\/2020\/09\/GAC.png 512w, https:\/\/4v.fr\/marketing-tourisme\/wp-content\/uploads\/2020\/09\/GAC-300x200.png 300w\" sizes=\"auto, (max-width: 512px) 100vw, 512px\" \/><\/figure>\n<\/figure>\n","protected":false},"excerpt":{"rendered":"<p>La bonne donn\u00e9e peut orienter la bonne strat\u00e9gie. Des petits d\u00e9tails qui font la diff\u00e9rence Exp\u00e9rience d\u2019enqu\u00eates et d\u2019\u00e9tudes dans le tourismeM\u00e9thodologies \u00e9prouv\u00e9es et valid\u00e9esExpertise&hellip; <br \/> <a class=\"read-more\" href=\"https:\/\/4v.fr\/marketing-tourisme\/cabinet-4v-etudes\/\">Lire la suite<\/a><\/p>\n","protected":false},"author":1,"featured_media":0,"parent":0,"menu_order":3,"comment_status":"closed","ping_status":"closed","template":"","meta":{"_monsterinsights_skip_tracking":false,"_monsterinsights_sitenote_active":false,"_monsterinsights_sitenote_note":"","_monsterinsights_sitenote_category":0,"slim_seo":{"title":"ETUDES - 4V Tourisme Marketing Etude Enquete Conseil Formation Coaching Conf\u00e9rence","description":"La bonne donn\u00e9e peut orienter la bonne strat\u00e9gie. Des petits d\u00e9tails qui font la diff\u00e9rence Exp\u00e9rience d\u2019enqu\u00eates et d\u2019\u00e9tudes dans le tourisme M\u00e9thodologies \u00e9pr"},"footnotes":""},"wf_page_folders":[],"class_list":["post-2836","page","type-page","status-publish","hentry"],"_links":{"self":[{"href":"https:\/\/4v.fr\/marketing-tourisme\/wp-json\/wp\/v2\/pages\/2836","targetHints":{"allow":["GET"]}}],"collection":[{"href":"https:\/\/4v.fr\/marketing-tourisme\/wp-json\/wp\/v2\/pages"}],"about":[{"href":"https:\/\/4v.fr\/marketing-tourisme\/wp-json\/wp\/v2\/types\/page"}],"author":[{"embeddable":true,"href":"https:\/\/4v.fr\/marketing-tourisme\/wp-json\/wp\/v2\/users\/1"}],"replies":[{"embeddable":true,"href":"https:\/\/4v.fr\/marketing-tourisme\/wp-json\/wp\/v2\/comments?post=2836"}],"version-history":[{"count":0,"href":"https:\/\/4v.fr\/marketing-tourisme\/wp-json\/wp\/v2\/pages\/2836\/revisions"}],"wp:attachment":[{"href":"https:\/\/4v.fr\/marketing-tourisme\/wp-json\/wp\/v2\/media?parent=2836"}],"wp:term":[{"taxonomy":"wf_page_folders","embeddable":true,"href":"https:\/\/4v.fr\/marketing-tourisme\/wp-json\/wp\/v2\/wf_page_folders?post=2836"}],"curies":[{"name":"wp","href":"https:\/\/api.w.org\/{rel}","templated":true}]}}