{"id":2816,"date":"2020-09-27T13:37:29","date_gmt":"2020-09-27T12:37:29","guid":{"rendered":"https:\/\/4v.fr\/marketing-tourisme\/?page_id=2816"},"modified":"2020-09-29T10:29:58","modified_gmt":"2020-09-29T09:29:58","slug":"cabinet-4v-coaching","status":"publish","type":"page","link":"https:\/\/4v.fr\/marketing-tourisme\/cabinet-4v-coaching\/","title":{"rendered":"COACHING"},"content":{"rendered":"\n<h2 class=\"wp-block-heading\">Un outil tr\u00e8s puissant, un engagement \u00e9thique<\/h2>\n\n\n\n<div class=\"wp-block-media-text alignwide is-stacked-on-mobile is-image-fill\"><figure class=\"wp-block-media-text__media\" style=\"background-image:url(https:\/\/4v.fr\/marketing-tourisme\/wp-content\/uploads\/2019\/05\/veronique.jpg);background-position:46% 13%\"><img loading=\"lazy\" decoding=\"async\" width=\"749\" height=\"977\" src=\"https:\/\/4v.fr\/marketing-tourisme\/wp-content\/uploads\/2019\/05\/veronique.jpg\" alt=\"\" class=\"wp-image-2324\" srcset=\"https:\/\/4v.fr\/marketing-tourisme\/wp-content\/uploads\/2019\/05\/veronique.jpg 749w, https:\/\/4v.fr\/marketing-tourisme\/wp-content\/uploads\/2019\/05\/veronique-230x300.jpg 230w\" sizes=\"auto, (max-width: 749px) 100vw, 749px\" \/><\/figure><div class=\"wp-block-media-text__content\">\n<blockquote class=\"wp-block-quote is-layout-flow wp-block-quote-is-layout-flow\"><p>Que l\u2019on soit une entreprise ou une institution, les structures sont avant tout des femmes, des hommes, des \u00e9quipes. Parce qu\u2019aucune strat\u00e9gie, aucun conseil, aucune formation ne trouvera d\u2019\u00e9cho sans prendre en compte la mati\u00e8re humaine, j\u2019ai d\u00e9cid\u00e9 de proposer un accompagnement bas\u00e9 sur l\u2019humain. \u00catre coach certifi\u00e9e c\u2019est accompagner les \u00e9quipiers, les managers, les dirigeants, dans leur posture, leur fonctionnement, le changement, c\u2019est aider \u00e0 mieux comprendre ce que l\u2019on est, ce que l\u2019on veut, au profit du mouvement, de la performance et du mieux-\u00eatre.<\/p><\/blockquote>\n<\/div><\/div>\n\n\n\n<div style=\"height:50px\" aria-hidden=\"true\" class=\"wp-block-spacer\"><\/div>\n\n\n\n<div class=\"wp-block-cover has-background-dim-40 has-black-background-color has-background-dim\" style=\"background-image:url(https:\/\/4v.fr\/marketing-tourisme\/wp-content\/uploads\/2020\/09\/grey-background-005.jpg);min-height:100px;aspect-ratio:unset;\"><div class=\"wp-block-cover__inner-container is-layout-flow wp-block-cover-is-layout-flow\">\n<p class=\"has-text-align-center has-black-color has-text-color has-medium-font-size\"><a rel=\"noreferrer noopener\" href=\"https:\/\/4v.fr\/marketing-tourisme\/cabinet-4v-coaching\/coach-professionnel-veronique-vidal\/\" target=\"_blank\"><strong>En savoir plus sur le coaching<\/strong><\/a> ?<\/p>\n<\/div><\/div>\n\n\n\n<div style=\"height:50px\" aria-hidden=\"true\" class=\"wp-block-spacer\"><\/div>\n\n\n\n<h2 class=\"has-text-align-left wp-block-heading\"><strong>Des petits d\u00e9tails qui font la diff\u00e9rence<\/strong><\/h2>\n\n\n\n<div class=\"wp-block-group\"><div class=\"wp-block-group__inner-container is-layout-flow wp-block-group-is-layout-flow\">\n<h4 class=\"has-text-align-left wp-block-heading\">Une r\u00e9elle comp\u00e9tence professionnelle valid\u00e9e par une certification de coach professionnel<br>Une approche sectorielle du tourisme maitris\u00e9e, la connaissance des entreprises touristiques et de leurs r\u00e9alit\u00e9s<br>La connaissance et l\u2019exp\u00e9rience de l\u2019univers institutionnel, de ses sp\u00e9cificit\u00e9s, de ses contraintes et de ses difficult\u00e9s<br>La connaissance et l\u2019exp\u00e9rience de l\u2019univers institutionnel, de ses sp\u00e9cificit\u00e9s, de ses contraintes et de ses difficult\u00e9s<br>Une approche professionnelle et structur\u00e9e autour d\u2019outils et de m\u00e9thodes \u00e9prouv\u00e9s par des coaches<br>Le respect de la charte d\u00e9ontologique encadrant la pratique professionnelle du coaching<br>L\u2019empathie, l\u2019\u00e9coute et le respect profond de chaque femme et de chaque homme coach\u00e9.e<br>La capacit\u00e9 \u00e0 vous amener vers la meilleure voie ou la meilleure solution pour vous<\/h4>\n<\/div><\/div>\n\n\n\n<div style=\"height:50px\" aria-hidden=\"true\" class=\"wp-block-spacer\"><\/div>\n\n\n\n<h2 class=\"wp-block-heading\"><strong>Exemples de missions<\/strong><\/h2>\n\n\n\n<div style=\"height:20px\" aria-hidden=\"true\" class=\"wp-block-spacer\"><\/div>\n\n\n\n<h4 class=\"has-text-align-left wp-block-heading\"><strong>Client&nbsp;: Un regroupement de salari\u00e9s suite \u00e0 une fusion de structures<\/strong><\/h4>\n\n\n\n<p class=\"has-text-align-left\"><strong>Objectifs du client&nbsp;: <\/strong>Faire se rencontrer et se connaitre, se comprendre, envisager le travail collectivement<\/p>\n\n\n\n<p class=\"has-text-align-left\"><strong>M\u00e9thode : <\/strong>Deux rendez-vous avec le d\u00e9cisionnaire, trois r\u00e9unions d\u2019\u00e9quipe<\/p>\n\n\n\n<div class=\"wp-block-group\"><div class=\"wp-block-group__inner-container is-layout-flow wp-block-group-is-layout-flow\">\n<p class=\"has-text-align-left\"><strong>T\u00e9moignage du client<\/strong>&nbsp;: \u00ab <em>Prendre le temps de ce travail \u00e9tait essentiel, de nombreux non-dits, tensions, ont pu \u00eatre \u00e9vacu\u00e9, tous les \u00e9quipiers se consid\u00e8rent d\u00e9sormais appartenir \u00e0 la m\u00eame structure, il faudrait que nous travaillions plus sur la culture commune, c\u2019est la prochaine \u00e9tape<\/em>. \u00bb<\/p>\n<\/div><\/div>\n\n\n\n<div style=\"height:40px\" aria-hidden=\"true\" class=\"wp-block-spacer\"><\/div>\n\n\n\n<h4 class=\"has-text-align-left wp-block-heading\"><strong>Client&nbsp;: Directrice marketing d\u2019un h\u00e9bergement touristique<\/strong><\/h4>\n\n\n\n<p class=\"has-text-align-left\"><strong>Objectifs du client&nbsp;: <\/strong>Mieux travailler en bin\u00f4me avec le dirigeant, et ne plus se laisser submerger.<\/p>\n\n\n\n<p class=\"has-text-align-left\"><strong>M\u00e9thode :<\/strong> Un rendez-vous dans l\u2019entreprise puis 8 s\u00e9ances de coaching par t\u00e9l\u00e9phone.<\/p>\n\n\n\n<div class=\"wp-block-group\"><div class=\"wp-block-group__inner-container is-layout-flow wp-block-group-is-layout-flow\">\n<p class=\"has-text-align-left\"><strong><strong>T\u00e9moignage du client<\/strong>&nbsp;:<\/strong> \u00ab <em>Le processus de coaching m\u2019a permis de me faire plus confiance, de prendre la mesure de l\u2019impact de mes \u00e9motions, et de certains parasitages, j\u2019en sors grandi<\/em>e<em>, et tr\u00e8s satisfaite, et en plus je pars \u00e0 l\u2019heure et je vois enfin mes enfants le soi<\/em>r ! \u00bb<\/p>\n<\/div><\/div>\n\n\n\n<div style=\"height:40px\" aria-hidden=\"true\" class=\"wp-block-spacer\"><\/div>\n\n\n\n<div class=\"wp-block-group\"><div class=\"wp-block-group__inner-container is-layout-flow wp-block-group-is-layout-flow\">\n<h4 class=\"has-text-align-left wp-block-heading\"><strong>Client&nbsp;: CEO d\u2019une start-up<\/strong><\/h4>\n\n\n\n<p class=\"has-text-align-left\"><strong>Objectif du client&nbsp;: <\/strong>Vraiment incarner la posture de CEO, s\u2019affirmer.<\/p>\n\n\n\n<p class=\"has-text-align-left\"><strong>M\u00e9thode : <\/strong>Un rendez-vous dans l\u2019entreprise puis 10 s\u00e9ances de coaching par t\u00e9l\u00e9phone<\/p>\n\n\n\n<p class=\"has-text-align-left\"><strong><strong>T\u00e9moignage du client<\/strong>&nbsp;:<\/strong>&nbsp;\u00ab <em>Ce coaching m\u2019aura permis de mettre le doigt sur des choses pour lesquelles je manquais de recul cela m\u2019a permis de prendre de l\u2019assurance, c\u2019est mon entreprise, mes d\u00e9cisions, et je suis heureuse de ce chemin parcouru<\/em>.\u00bb<\/p>\n<\/div><\/div>\n\n\n\n<div style=\"height:100px\" aria-hidden=\"true\" class=\"wp-block-spacer\"><\/div>\n\n\n\n<figure class=\"wp-block-image size-large is-resized\"><img loading=\"lazy\" decoding=\"async\" src=\"https:\/\/4v.fr\/marketing-tourisme\/wp-content\/uploads\/2020\/09\/2019-01-ideesrecues-1024x641-1.jpg\" alt=\"\" class=\"wp-image-2832\" width=\"512\" height=\"321\" srcset=\"https:\/\/4v.fr\/marketing-tourisme\/wp-content\/uploads\/2020\/09\/2019-01-ideesrecues-1024x641-1.jpg 1024w, https:\/\/4v.fr\/marketing-tourisme\/wp-content\/uploads\/2020\/09\/2019-01-ideesrecues-1024x641-1-300x188.jpg 300w, https:\/\/4v.fr\/marketing-tourisme\/wp-content\/uploads\/2020\/09\/2019-01-ideesrecues-1024x641-1-768x481.jpg 768w\" sizes=\"auto, (max-width: 512px) 100vw, 512px\" \/><\/figure>\n\n\n\n<h3 class=\"has-text-align-left wp-block-heading\">Le coaching est une th\u00e9rapie<\/h3>\n\n\n\n<p class=\"has-text-align-left has-vivid-red-color has-text-color has-medium-font-size\"><strong>FAUX<\/strong><\/p>\n\n\n\n<p class=\"has-text-align-left\">La th\u00e9rapie s\u2019adresse \u00e0 des personnes fragilis\u00e9es, dans un mal-\u00eatre ou une situation qui g\u00e9n\u00e8re de la souffrance et qui vise le bien-\u00eatre. Le coaching, lui, vise la construction d&rsquo;un projet personnel ou professionnel.<\/p>\n\n\n\n<h3 class=\"has-text-align-left wp-block-heading\">Coacher, c\u2019est conseiller<\/h3>\n\n\n\n<p class=\"has-text-align-left has-vivid-red-color has-text-color has-medium-font-size\"><strong>FAUX<\/strong><\/p>\n\n\n\n<p class=\"has-text-align-left\">Le conseil rel\u00e8ve d\u2019une expertise dans un domaine pr\u00e9cis. Le coaching a pour but de lib\u00e9rer le coach\u00e9 pour le porter \u00e0 un niveau de performance optimal, l&rsquo;amener \u00e0 prendre des d\u00e9cisions appropri\u00e9es, lui permettre d\u2019am\u00e9liorer ses m\u00e9thodes de gestion et ses r\u00e9sultats&#8230;<\/p>\n\n\n\n<h3 class=\"has-text-align-left wp-block-heading\">Le coach vous dit ce que vous devez faire<\/h3>\n\n\n\n<p class=\"has-text-align-left has-vivid-red-color has-text-color has-medium-font-size\"><strong>FAUX<\/strong><\/p>\n\n\n\n<p class=\"has-text-align-left\">Le coach ne fera ni les choses que vous devez r\u00e9aliser vous-m\u00eame, ni \u00e0 votre place les pas qui m\u00e8neront au succ\u00e8s. Le coach vise \u00e0 stimuler vos savoir-faire afin d\u2019am\u00e9liorer votre performance et rendre possible l\u2019objectif que vous devez atteindre.<\/p>\n\n\n\n<h3 class=\"has-text-align-left wp-block-heading\">Le coaching est plut\u00f4t adapt\u00e9 pour ceux qui traversent une p\u00e9riode de crise<\/h3>\n\n\n\n<p class=\"has-text-align-left has-vivid-red-color has-text-color has-medium-font-size\"><strong>FAUX<\/strong><\/p>\n\n\n\n<p class=\"has-text-align-left\">Le coaching s\u2019adresse plut\u00f4t \u00e0 des personnes \u00e9panouies professionnellement et qui souhaitent \u00eatre encore plus performantes ou d\u00e9passer leurs limites. Le coaching peut \u00eatre \u00e9galement tr\u00e8s b\u00e9n\u00e9fique dans le cadre d\u2019un changement professionnel.<\/p>\n\n\n\n<div style=\"height:50px\" aria-hidden=\"true\" class=\"wp-block-spacer\"><\/div>\n\n\n\n<h2 class=\"wp-block-heading\"><strong>En images&#8230;<\/strong><\/h2>\n\n\n\n<figure class=\"wp-block-gallery columns-3 is-cropped wp-block-gallery-1 is-layout-flex wp-block-gallery-is-layout-flex\"><ul class=\"blocks-gallery-grid\"><li class=\"blocks-gallery-item\"><figure><img loading=\"lazy\" decoding=\"async\" width=\"1024\" height=\"231\" src=\"https:\/\/4v.fr\/marketing-tourisme\/wp-content\/uploads\/2020\/09\/AdobeStock_265567793-Converti-1024x231.jpg\" alt=\"\" data-id=\"3200\" data-full-url=\"https:\/\/4v.fr\/marketing-tourisme\/wp-content\/uploads\/2020\/09\/AdobeStock_265567793-Converti.jpg\" data-link=\"https:\/\/4v.fr\/marketing-tourisme\/adobestock_265567793-converti\/\" class=\"wp-image-3200\" srcset=\"https:\/\/4v.fr\/marketing-tourisme\/wp-content\/uploads\/2020\/09\/AdobeStock_265567793-Converti-1024x231.jpg 1024w, https:\/\/4v.fr\/marketing-tourisme\/wp-content\/uploads\/2020\/09\/AdobeStock_265567793-Converti-300x68.jpg 300w, https:\/\/4v.fr\/marketing-tourisme\/wp-content\/uploads\/2020\/09\/AdobeStock_265567793-Converti-768x173.jpg 768w, https:\/\/4v.fr\/marketing-tourisme\/wp-content\/uploads\/2020\/09\/AdobeStock_265567793-Converti-1536x346.jpg 1536w, https:\/\/4v.fr\/marketing-tourisme\/wp-content\/uploads\/2020\/09\/AdobeStock_265567793-Converti-2048x462.jpg 2048w, https:\/\/4v.fr\/marketing-tourisme\/wp-content\/uploads\/2020\/09\/AdobeStock_265567793-Converti-1920x433.jpg 1920w\" sizes=\"auto, (max-width: 1024px) 100vw, 1024px\" \/><\/figure><\/li><li class=\"blocks-gallery-item\"><figure><img loading=\"lazy\" decoding=\"async\" width=\"1024\" height=\"683\" src=\"https:\/\/4v.fr\/marketing-tourisme\/wp-content\/uploads\/2020\/09\/web_AdobeStock_357361777-1024x683.jpg\" alt=\"\" data-id=\"3093\" data-full-url=\"https:\/\/4v.fr\/marketing-tourisme\/wp-content\/uploads\/2020\/09\/web_AdobeStock_357361777.jpg\" data-link=\"https:\/\/4v.fr\/marketing-tourisme\/web_adobestock_357361777\/\" class=\"wp-image-3093\" srcset=\"https:\/\/4v.fr\/marketing-tourisme\/wp-content\/uploads\/2020\/09\/web_AdobeStock_357361777-1024x683.jpg 1024w, https:\/\/4v.fr\/marketing-tourisme\/wp-content\/uploads\/2020\/09\/web_AdobeStock_357361777-300x200.jpg 300w, https:\/\/4v.fr\/marketing-tourisme\/wp-content\/uploads\/2020\/09\/web_AdobeStock_357361777-768x512.jpg 768w, https:\/\/4v.fr\/marketing-tourisme\/wp-content\/uploads\/2020\/09\/web_AdobeStock_357361777-1536x1024.jpg 1536w, https:\/\/4v.fr\/marketing-tourisme\/wp-content\/uploads\/2020\/09\/web_AdobeStock_357361777-1620x1080.jpg 1620w, https:\/\/4v.fr\/marketing-tourisme\/wp-content\/uploads\/2020\/09\/web_AdobeStock_357361777.jpg 1920w\" sizes=\"auto, (max-width: 1024px) 100vw, 1024px\" \/><\/figure><\/li><li class=\"blocks-gallery-item\"><figure><img loading=\"lazy\" decoding=\"async\" width=\"1024\" height=\"684\" src=\"https:\/\/4v.fr\/marketing-tourisme\/wp-content\/uploads\/2020\/09\/web_AdobeStock_208100648-1024x684.jpg\" alt=\"\" data-id=\"3094\" data-full-url=\"https:\/\/4v.fr\/marketing-tourisme\/wp-content\/uploads\/2020\/09\/web_AdobeStock_208100648.jpg\" data-link=\"https:\/\/4v.fr\/marketing-tourisme\/web_adobestock_208100648\/\" class=\"wp-image-3094\" srcset=\"https:\/\/4v.fr\/marketing-tourisme\/wp-content\/uploads\/2020\/09\/web_AdobeStock_208100648-1024x684.jpg 1024w, https:\/\/4v.fr\/marketing-tourisme\/wp-content\/uploads\/2020\/09\/web_AdobeStock_208100648-300x200.jpg 300w, https:\/\/4v.fr\/marketing-tourisme\/wp-content\/uploads\/2020\/09\/web_AdobeStock_208100648-768x513.jpg 768w, https:\/\/4v.fr\/marketing-tourisme\/wp-content\/uploads\/2020\/09\/web_AdobeStock_208100648-1536x1026.jpg 1536w, https:\/\/4v.fr\/marketing-tourisme\/wp-content\/uploads\/2020\/09\/web_AdobeStock_208100648-1617x1080.jpg 1617w, https:\/\/4v.fr\/marketing-tourisme\/wp-content\/uploads\/2020\/09\/web_AdobeStock_208100648.jpg 1920w\" sizes=\"auto, (max-width: 1024px) 100vw, 1024px\" \/><\/figure><\/li><li class=\"blocks-gallery-item\"><figure><img loading=\"lazy\" decoding=\"async\" width=\"1024\" height=\"683\" src=\"https:\/\/4v.fr\/marketing-tourisme\/wp-content\/uploads\/2020\/09\/web_AdobeStock_235675549-1024x683.jpg\" alt=\"\" data-id=\"3096\" data-full-url=\"https:\/\/4v.fr\/marketing-tourisme\/wp-content\/uploads\/2020\/09\/web_AdobeStock_235675549.jpg\" data-link=\"https:\/\/4v.fr\/marketing-tourisme\/web_adobestock_235675549\/\" class=\"wp-image-3096\" srcset=\"https:\/\/4v.fr\/marketing-tourisme\/wp-content\/uploads\/2020\/09\/web_AdobeStock_235675549-1024x683.jpg 1024w, https:\/\/4v.fr\/marketing-tourisme\/wp-content\/uploads\/2020\/09\/web_AdobeStock_235675549-300x200.jpg 300w, https:\/\/4v.fr\/marketing-tourisme\/wp-content\/uploads\/2020\/09\/web_AdobeStock_235675549-768x512.jpg 768w, https:\/\/4v.fr\/marketing-tourisme\/wp-content\/uploads\/2020\/09\/web_AdobeStock_235675549-1536x1024.jpg 1536w, https:\/\/4v.fr\/marketing-tourisme\/wp-content\/uploads\/2020\/09\/web_AdobeStock_235675549-1620x1080.jpg 1620w, https:\/\/4v.fr\/marketing-tourisme\/wp-content\/uploads\/2020\/09\/web_AdobeStock_235675549.jpg 1920w\" sizes=\"auto, (max-width: 1024px) 100vw, 1024px\" \/><\/figure><\/li><li class=\"blocks-gallery-item\"><figure><img loading=\"lazy\" decoding=\"async\" width=\"1024\" height=\"683\" src=\"https:\/\/4v.fr\/marketing-tourisme\/wp-content\/uploads\/2020\/09\/web_AdobeStock_264035719-1024x683.jpg\" alt=\"\" data-id=\"3097\" data-full-url=\"https:\/\/4v.fr\/marketing-tourisme\/wp-content\/uploads\/2020\/09\/web_AdobeStock_264035719.jpg\" data-link=\"https:\/\/4v.fr\/marketing-tourisme\/web_adobestock_264035719\/\" class=\"wp-image-3097\" srcset=\"https:\/\/4v.fr\/marketing-tourisme\/wp-content\/uploads\/2020\/09\/web_AdobeStock_264035719-1024x683.jpg 1024w, https:\/\/4v.fr\/marketing-tourisme\/wp-content\/uploads\/2020\/09\/web_AdobeStock_264035719-300x200.jpg 300w, https:\/\/4v.fr\/marketing-tourisme\/wp-content\/uploads\/2020\/09\/web_AdobeStock_264035719-768x512.jpg 768w, https:\/\/4v.fr\/marketing-tourisme\/wp-content\/uploads\/2020\/09\/web_AdobeStock_264035719-1536x1024.jpg 1536w, https:\/\/4v.fr\/marketing-tourisme\/wp-content\/uploads\/2020\/09\/web_AdobeStock_264035719-1620x1080.jpg 1620w, https:\/\/4v.fr\/marketing-tourisme\/wp-content\/uploads\/2020\/09\/web_AdobeStock_264035719.jpg 1920w\" sizes=\"auto, (max-width: 1024px) 100vw, 1024px\" \/><\/figure><\/li><li class=\"blocks-gallery-item\"><figure><img loading=\"lazy\" decoding=\"async\" width=\"1024\" height=\"347\" src=\"https:\/\/4v.fr\/marketing-tourisme\/wp-content\/uploads\/2020\/09\/web_AdobeStock_253729851-1024x347.jpg\" alt=\"\" data-id=\"3022\" data-full-url=\"https:\/\/4v.fr\/marketing-tourisme\/wp-content\/uploads\/2020\/09\/web_AdobeStock_253729851.jpg\" data-link=\"https:\/\/4v.fr\/marketing-tourisme\/web_adobestock_253729851\/\" class=\"wp-image-3022\" srcset=\"https:\/\/4v.fr\/marketing-tourisme\/wp-content\/uploads\/2020\/09\/web_AdobeStock_253729851-1024x347.jpg 1024w, https:\/\/4v.fr\/marketing-tourisme\/wp-content\/uploads\/2020\/09\/web_AdobeStock_253729851-300x102.jpg 300w, https:\/\/4v.fr\/marketing-tourisme\/wp-content\/uploads\/2020\/09\/web_AdobeStock_253729851-768x260.jpg 768w, https:\/\/4v.fr\/marketing-tourisme\/wp-content\/uploads\/2020\/09\/web_AdobeStock_253729851-1536x520.jpg 1536w, https:\/\/4v.fr\/marketing-tourisme\/wp-content\/uploads\/2020\/09\/web_AdobeStock_253729851.jpg 1920w\" sizes=\"auto, (max-width: 1024px) 100vw, 1024px\" \/><\/figure><\/li><li class=\"blocks-gallery-item\"><figure><img loading=\"lazy\" decoding=\"async\" width=\"800\" height=\"782\" src=\"https:\/\/4v.fr\/marketing-tourisme\/wp-content\/uploads\/2019\/09\/coaching3.jpg\" alt=\"\" data-id=\"2367\" data-full-url=\"https:\/\/4v.fr\/marketing-tourisme\/wp-content\/uploads\/2019\/09\/coaching3.jpg\" data-link=\"https:\/\/4v.fr\/marketing-tourisme\/coaching3\/\" class=\"wp-image-2367\" srcset=\"https:\/\/4v.fr\/marketing-tourisme\/wp-content\/uploads\/2019\/09\/coaching3.jpg 800w, https:\/\/4v.fr\/marketing-tourisme\/wp-content\/uploads\/2019\/09\/coaching3-300x293.jpg 300w, https:\/\/4v.fr\/marketing-tourisme\/wp-content\/uploads\/2019\/09\/coaching3-768x751.jpg 768w, https:\/\/4v.fr\/marketing-tourisme\/wp-content\/uploads\/2019\/09\/coaching3-50x50.jpg 50w\" sizes=\"auto, (max-width: 800px) 100vw, 800px\" \/><\/figure><\/li><li class=\"blocks-gallery-item\"><figure><img loading=\"lazy\" decoding=\"async\" width=\"792\" height=\"796\" src=\"https:\/\/4v.fr\/marketing-tourisme\/wp-content\/uploads\/2020\/09\/web_couv_mobile.jpg\" alt=\"\" data-id=\"3113\" data-full-url=\"https:\/\/4v.fr\/marketing-tourisme\/wp-content\/uploads\/2020\/09\/web_couv_mobile.jpg\" data-link=\"https:\/\/4v.fr\/marketing-tourisme\/web_couv_mobile\/\" class=\"wp-image-3113\" srcset=\"https:\/\/4v.fr\/marketing-tourisme\/wp-content\/uploads\/2020\/09\/web_couv_mobile.jpg 792w, https:\/\/4v.fr\/marketing-tourisme\/wp-content\/uploads\/2020\/09\/web_couv_mobile-298x300.jpg 298w, https:\/\/4v.fr\/marketing-tourisme\/wp-content\/uploads\/2020\/09\/web_couv_mobile-150x150.jpg 150w, https:\/\/4v.fr\/marketing-tourisme\/wp-content\/uploads\/2020\/09\/web_couv_mobile-768x772.jpg 768w, https:\/\/4v.fr\/marketing-tourisme\/wp-content\/uploads\/2020\/09\/web_couv_mobile-50x50.jpg 50w\" sizes=\"auto, (max-width: 792px) 100vw, 792px\" \/><\/figure><\/li><li class=\"blocks-gallery-item\"><figure><img loading=\"lazy\" decoding=\"async\" width=\"1024\" height=\"576\" src=\"https:\/\/4v.fr\/marketing-tourisme\/wp-content\/uploads\/2020\/09\/web_AdobeStock_345406420-1024x576.jpg\" alt=\"\" data-id=\"3099\" data-full-url=\"https:\/\/4v.fr\/marketing-tourisme\/wp-content\/uploads\/2020\/09\/web_AdobeStock_345406420.jpg\" data-link=\"https:\/\/4v.fr\/marketing-tourisme\/web_adobestock_345406420\/\" class=\"wp-image-3099\" srcset=\"https:\/\/4v.fr\/marketing-tourisme\/wp-content\/uploads\/2020\/09\/web_AdobeStock_345406420-1024x576.jpg 1024w, https:\/\/4v.fr\/marketing-tourisme\/wp-content\/uploads\/2020\/09\/web_AdobeStock_345406420-300x169.jpg 300w, https:\/\/4v.fr\/marketing-tourisme\/wp-content\/uploads\/2020\/09\/web_AdobeStock_345406420-768x432.jpg 768w, https:\/\/4v.fr\/marketing-tourisme\/wp-content\/uploads\/2020\/09\/web_AdobeStock_345406420-1536x864.jpg 1536w, https:\/\/4v.fr\/marketing-tourisme\/wp-content\/uploads\/2020\/09\/web_AdobeStock_345406420.jpg 1920w\" sizes=\"auto, (max-width: 1024px) 100vw, 1024px\" \/><\/figure><\/li><li class=\"blocks-gallery-item\"><figure><img loading=\"lazy\" decoding=\"async\" width=\"1024\" height=\"1024\" src=\"https:\/\/4v.fr\/marketing-tourisme\/wp-content\/uploads\/2019\/09\/coaching-problem.jpg\" alt=\"\" data-id=\"2341\" data-full-url=\"https:\/\/4v.fr\/marketing-tourisme\/wp-content\/uploads\/2019\/09\/coaching-problem.jpg\" data-link=\"https:\/\/4v.fr\/marketing-tourisme\/testimonial\/2338\/coaching-problem\/\" class=\"wp-image-2341\" srcset=\"https:\/\/4v.fr\/marketing-tourisme\/wp-content\/uploads\/2019\/09\/coaching-problem.jpg 1024w, https:\/\/4v.fr\/marketing-tourisme\/wp-content\/uploads\/2019\/09\/coaching-problem-300x300.jpg 300w, https:\/\/4v.fr\/marketing-tourisme\/wp-content\/uploads\/2019\/09\/coaching-problem-150x150.jpg 150w, https:\/\/4v.fr\/marketing-tourisme\/wp-content\/uploads\/2019\/09\/coaching-problem-768x768.jpg 768w, https:\/\/4v.fr\/marketing-tourisme\/wp-content\/uploads\/2019\/09\/coaching-problem-50x50.jpg 50w\" sizes=\"auto, (max-width: 1024px) 100vw, 1024px\" \/><\/figure><\/li><li class=\"blocks-gallery-item\"><figure><img loading=\"lazy\" decoding=\"async\" width=\"1024\" height=\"695\" src=\"https:\/\/4v.fr\/marketing-tourisme\/wp-content\/uploads\/2020\/09\/web_AdobeStock_327314978-1024x695.jpg\" alt=\"\" data-id=\"3098\" data-full-url=\"https:\/\/4v.fr\/marketing-tourisme\/wp-content\/uploads\/2020\/09\/web_AdobeStock_327314978.jpg\" data-link=\"https:\/\/4v.fr\/marketing-tourisme\/web_adobestock_327314978\/\" class=\"wp-image-3098\" srcset=\"https:\/\/4v.fr\/marketing-tourisme\/wp-content\/uploads\/2020\/09\/web_AdobeStock_327314978-1024x695.jpg 1024w, https:\/\/4v.fr\/marketing-tourisme\/wp-content\/uploads\/2020\/09\/web_AdobeStock_327314978-300x204.jpg 300w, https:\/\/4v.fr\/marketing-tourisme\/wp-content\/uploads\/2020\/09\/web_AdobeStock_327314978-768x521.jpg 768w, https:\/\/4v.fr\/marketing-tourisme\/wp-content\/uploads\/2020\/09\/web_AdobeStock_327314978-1536x1042.jpg 1536w, https:\/\/4v.fr\/marketing-tourisme\/wp-content\/uploads\/2020\/09\/web_AdobeStock_327314978-1591x1080.jpg 1591w, https:\/\/4v.fr\/marketing-tourisme\/wp-content\/uploads\/2020\/09\/web_AdobeStock_327314978.jpg 1920w\" sizes=\"auto, (max-width: 1024px) 100vw, 1024px\" \/><\/figure><\/li><li class=\"blocks-gallery-item\"><figure><img loading=\"lazy\" decoding=\"async\" width=\"768\" height=\"513\" src=\"https:\/\/4v.fr\/marketing-tourisme\/wp-content\/uploads\/2020\/09\/ECC-European-Coaching-Certificate-linkup-Coaching.png\" alt=\"\" data-id=\"2919\" data-full-url=\"https:\/\/4v.fr\/marketing-tourisme\/wp-content\/uploads\/2020\/09\/ECC-European-Coaching-Certificate-linkup-Coaching.png\" data-link=\"https:\/\/4v.fr\/marketing-tourisme\/cabinet-4v-consultants-vivian_vidal-veronique-vidal-idrezo\/ecc-european-coaching-certificate-linkup-coaching\/\" class=\"wp-image-2919\" srcset=\"https:\/\/4v.fr\/marketing-tourisme\/wp-content\/uploads\/2020\/09\/ECC-European-Coaching-Certificate-linkup-Coaching.png 768w, https:\/\/4v.fr\/marketing-tourisme\/wp-content\/uploads\/2020\/09\/ECC-European-Coaching-Certificate-linkup-Coaching-300x200.png 300w\" sizes=\"auto, (max-width: 768px) 100vw, 768px\" \/><\/figure><\/li><\/ul><\/figure>\n","protected":false},"excerpt":{"rendered":"<p>Un outil tr\u00e8s puissant, un engagement \u00e9thique Que l\u2019on soit une entreprise ou une institution, les structures sont avant tout des femmes, des hommes, des&hellip; <br \/> <a class=\"read-more\" href=\"https:\/\/4v.fr\/marketing-tourisme\/cabinet-4v-coaching\/\">Lire la suite<\/a><\/p>\n","protected":false},"author":1,"featured_media":2554,"parent":0,"menu_order":3,"comment_status":"closed","ping_status":"closed","template":"","meta":{"_monsterinsights_skip_tracking":false,"_monsterinsights_sitenote_active":false,"_monsterinsights_sitenote_note":"","_monsterinsights_sitenote_category":0,"slim_seo":{"title":"COACHING - 4V Tourisme Marketing Etude Enquete Conseil Formation Coaching Conf\u00e9rence","description":"Un outil tr\u00e8s puissant, un engagement \u00e9thique Des petits d\u00e9tails qui font la diff\u00e9rence Une r\u00e9elle comp\u00e9tence professionnelle valid\u00e9e par une certification de c"},"footnotes":""},"wf_page_folders":[],"class_list":["post-2816","page","type-page","status-publish","has-post-thumbnail","hentry"],"_links":{"self":[{"href":"https:\/\/4v.fr\/marketing-tourisme\/wp-json\/wp\/v2\/pages\/2816","targetHints":{"allow":["GET"]}}],"collection":[{"href":"https:\/\/4v.fr\/marketing-tourisme\/wp-json\/wp\/v2\/pages"}],"about":[{"href":"https:\/\/4v.fr\/marketing-tourisme\/wp-json\/wp\/v2\/types\/page"}],"author":[{"embeddable":true,"href":"https:\/\/4v.fr\/marketing-tourisme\/wp-json\/wp\/v2\/users\/1"}],"replies":[{"embeddable":true,"href":"https:\/\/4v.fr\/marketing-tourisme\/wp-json\/wp\/v2\/comments?post=2816"}],"version-history":[{"count":0,"href":"https:\/\/4v.fr\/marketing-tourisme\/wp-json\/wp\/v2\/pages\/2816\/revisions"}],"wp:featuredmedia":[{"embeddable":true,"href":"https:\/\/4v.fr\/marketing-tourisme\/wp-json\/wp\/v2\/media\/2554"}],"wp:attachment":[{"href":"https:\/\/4v.fr\/marketing-tourisme\/wp-json\/wp\/v2\/media?parent=2816"}],"wp:term":[{"taxonomy":"wf_page_folders","embeddable":true,"href":"https:\/\/4v.fr\/marketing-tourisme\/wp-json\/wp\/v2\/wf_page_folders?post=2816"}],"curies":[{"name":"wp","href":"https:\/\/api.w.org\/{rel}","templated":true}]}}