{"id":235,"date":"2014-01-01T18:58:06","date_gmt":"2014-01-01T17:58:06","guid":{"rendered":"http:\/\/4v.fr\/marketing-tourisme\/?page_id=235"},"modified":"2024-03-02T08:46:06","modified_gmt":"2024-03-02T07:46:06","slug":"cabinet-4v-contact","status":"publish","type":"page","link":"https:\/\/4v.fr\/marketing-tourisme\/cabinet-4v-contact\/","title":{"rendered":"CONTACT"},"content":{"rendered":"\n<figure class=\"wp-block-image size-large\"><img loading=\"lazy\" decoding=\"async\" width=\"1024\" height=\"444\" src=\"https:\/\/4v.fr\/marketing-tourisme\/wp-content\/uploads\/2020\/10\/AdobeStock_197496827-1024x444.jpeg\" alt=\"\" class=\"wp-image-3244\" srcset=\"https:\/\/4v.fr\/marketing-tourisme\/wp-content\/uploads\/2020\/10\/AdobeStock_197496827-1024x444.jpeg 1024w, https:\/\/4v.fr\/marketing-tourisme\/wp-content\/uploads\/2020\/10\/AdobeStock_197496827-300x130.jpeg 300w, https:\/\/4v.fr\/marketing-tourisme\/wp-content\/uploads\/2020\/10\/AdobeStock_197496827-768x333.jpeg 768w, https:\/\/4v.fr\/marketing-tourisme\/wp-content\/uploads\/2020\/10\/AdobeStock_197496827-1536x666.jpeg 1536w, https:\/\/4v.fr\/marketing-tourisme\/wp-content\/uploads\/2020\/10\/AdobeStock_197496827.jpeg 1920w\" sizes=\"auto, (max-width: 1024px) 100vw, 1024px\" \/><\/figure>\n\n\n\n<div style=\"height:60px\" aria-hidden=\"true\" class=\"wp-block-spacer\"><\/div>\n\n\n<h4 style=\"text-align: left\">Le Cabinet 4V est \u00e0 votre disposition de 8h30 \u00e0 18h00 du lundi au vendredi.<\/h4>\n<ul style=\"text-align: left\">\n<li>\n<h5>Par t\u00e9l\u00e9phone au 04 34 26 08 38<\/h5>\n<\/li>\n<li>\n<h5>Par email via <a href=\"mailto:4v@4v.fr\" target=\"_blank\" rel=\"noopener noreferrer\">4v@4v.fr<\/a><\/h5>\n<\/li>\n<\/ul>\n\n\n<div style=\"height:60px\" aria-hidden=\"true\" class=\"wp-block-spacer\"><\/div>\n\n\n<h4 style=\"text-align: left\">\u00a0Vous pouvez \u00e9galement joindre directement :<\/h4>\n<ul>\n<li style=\"text-align: left\">\n<h5>V\u00e9ronique VIDAL : <a href=\"mailto:veronique.vidal@4v.fr\" target=\"_blank\" rel=\"noopener noreferrer\">veronique.vidal@4v.fr<\/a><\/h5>\n<\/li>\n<li>\n<h5 style=\"text-align: left\">Vivian VIDAL : <a href=\"mailto:vidal@4v.fr\" target=\"_blank\" rel=\"noopener noreferrer\">vidal@4v.fr<\/a><\/h5>\n<\/li>\n<li>\n<h5>Martin ROQUES : <a href=\"mailto:martin.roques@4v.fr\">martin.roques@4v.fr<\/a><\/h5>\n<\/li>\n<\/ul>\n\n\n<p><\/p>\n","protected":false},"excerpt":{"rendered":"<p>Le Cabinet 4V est \u00e0 votre disposition de 8h30 \u00e0 18h00 du lundi au vendredi. Par t\u00e9l\u00e9phone au 04 34 26 08 38 Par email&hellip; <br \/> <a class=\"read-more\" href=\"https:\/\/4v.fr\/marketing-tourisme\/cabinet-4v-contact\/\">Lire la suite<\/a><\/p>\n","protected":false},"author":1,"featured_media":0,"parent":0,"menu_order":15,"comment_status":"closed","ping_status":"closed","template":"","meta":{"_monsterinsights_skip_tracking":false,"_monsterinsights_sitenote_active":false,"_monsterinsights_sitenote_note":"","_monsterinsights_sitenote_category":0,"slim_seo":{"title":"CONTACT - 4V Tourisme Marketing Etude Enquete Conseil Formation Coaching Conf\u00e9rence","description":"Le Cabinet 4V est \u00e0 votre disposition de 8h30 \u00e0 18h00 du lundi au vendredi. Par t\u00e9l\u00e9phone au 04 34 26 08 38 Par email via 4v@4v.fr \u00a0Vous pouvez \u00e9galement joindr"},"footnotes":""},"wf_page_folders":[],"class_list":["post-235","page","type-page","status-publish","hentry"],"_links":{"self":[{"href":"https:\/\/4v.fr\/marketing-tourisme\/wp-json\/wp\/v2\/pages\/235","targetHints":{"allow":["GET"]}}],"collection":[{"href":"https:\/\/4v.fr\/marketing-tourisme\/wp-json\/wp\/v2\/pages"}],"about":[{"href":"https:\/\/4v.fr\/marketing-tourisme\/wp-json\/wp\/v2\/types\/page"}],"author":[{"embeddable":true,"href":"https:\/\/4v.fr\/marketing-tourisme\/wp-json\/wp\/v2\/users\/1"}],"replies":[{"embeddable":true,"href":"https:\/\/4v.fr\/marketing-tourisme\/wp-json\/wp\/v2\/comments?post=235"}],"version-history":[{"count":0,"href":"https:\/\/4v.fr\/marketing-tourisme\/wp-json\/wp\/v2\/pages\/235\/revisions"}],"wp:attachment":[{"href":"https:\/\/4v.fr\/marketing-tourisme\/wp-json\/wp\/v2\/media?parent=235"}],"wp:term":[{"taxonomy":"wf_page_folders","embeddable":true,"href":"https:\/\/4v.fr\/marketing-tourisme\/wp-json\/wp\/v2\/wf_page_folders?post=235"}],"curies":[{"name":"wp","href":"https:\/\/api.w.org\/{rel}","templated":true}]}}