{"id":213,"date":"2014-01-01T18:51:57","date_gmt":"2014-01-01T17:51:57","guid":{"rendered":"http:\/\/4v.fr\/marketing-tourisme\/?page_id=213"},"modified":"2020-09-29T11:14:09","modified_gmt":"2020-09-29T10:14:09","slug":"cabinet-4v-conseil","status":"publish","type":"page","link":"https:\/\/4v.fr\/marketing-tourisme\/cabinet-4v-conseil\/","title":{"rendered":"CONSEIL"},"content":{"rendered":"\n<h2 class=\"wp-block-heading\">Le conseil, la base de notre m\u00e9tier et de notre implication.<\/h2>\n\n\n\n<div class=\"wp-block-media-text alignwide is-stacked-on-mobile\"><figure class=\"wp-block-media-text__media\"><img loading=\"lazy\" decoding=\"async\" width=\"861\" height=\"644\" src=\"https:\/\/4v.fr\/marketing-tourisme\/wp-content\/uploads\/2020\/09\/image3.jpg\" alt=\"\" class=\"wp-image-3191\" srcset=\"https:\/\/4v.fr\/marketing-tourisme\/wp-content\/uploads\/2020\/09\/image3.jpg 861w, https:\/\/4v.fr\/marketing-tourisme\/wp-content\/uploads\/2020\/09\/image3-300x224.jpg 300w, https:\/\/4v.fr\/marketing-tourisme\/wp-content\/uploads\/2020\/09\/image3-768x574.jpg 768w\" sizes=\"auto, (max-width: 861px) 100vw, 861px\" \/><\/figure><div class=\"wp-block-media-text__content\">\n<blockquote class=\"wp-block-quote is-layout-flow wp-block-quote-is-layout-flow\"><p>Se permettre de promulguer des conseils professionnels requiert une certaine exp\u00e9rience et une grande probit\u00e9 professionnelle. Cela fait pr\u00e8s de 20 ans que nous faisons du consulting et malgr\u00e9 de nombreuses sollicitations, nous n\u2019avons aucun accord commerciaux avec aucun prestataire technique dans quelque domaine que ce soit. Cette r\u00e8gle fondamentale nous permet d\u2019\u00eatre justes et honn\u00eates dans les conseils que nous apportons \u00e0 un territoire ou une entreprise, toujours dans un objectif de valeur ajout\u00e9e pour le client final.<\/p><\/blockquote>\n<\/div><\/div>\n\n\n\n<p><\/p>\n\n\n\n<div style=\"height:50px\" aria-hidden=\"true\" class=\"wp-block-spacer\"><\/div>\n\n\n\n<h2 class=\"has-text-align-left wp-block-heading\"><strong>Des petits d\u00e9tails qui font la diff\u00e9rence<\/strong><\/h2>\n\n\n\n<div class=\"wp-block-group\"><div class=\"wp-block-group__inner-container is-layout-flow wp-block-group-is-layout-flow\">\n<h4 class=\"has-text-align-left wp-block-heading\">20 ans d&rsquo;exp\u00e9rience dans le conseil et l&rsquo;accompagnement<br>Ma\u00eetrise de l&rsquo;approche des probl\u00e9matiques complexes<br>Des conseils r\u00e9alistes et adapt\u00e9s<br>Tenir compte de vos contraintes, de votre histoire<br>\u00c9coute, empathie mais aussi volont\u00e9 et engagement<br>Libert\u00e9 de r\u00e9flexion, de parole et de proposition<br>Ind\u00e9pendance totale vis \u00e0 vis de prestataires externes<br>Des process \u00e9prouv\u00e9s pour vous faire gagner du temps<\/h4>\n<\/div><\/div>\n\n\n\n<div style=\"height:50px\" aria-hidden=\"true\" class=\"wp-block-spacer\"><\/div>\n\n\n\n<h2 class=\"wp-block-heading\"><strong>Exemples de missions<\/strong><\/h2>\n\n\n\n<div style=\"height:20px\" aria-hidden=\"true\" class=\"wp-block-spacer\"><\/div>\n\n\n\n<h4 class=\"has-text-align-left wp-block-heading\"><strong>Client&nbsp;: Structure d\u00e9partementale (ADT)<\/strong><\/h4>\n\n\n\n<p class=\"has-text-align-left\"><strong>Objectifs du client&nbsp;: <\/strong>Refondre l&rsquo;organigramme et les missions pour passer \u00e0 l&rsquo;\u00e8re du num\u00e9rique<\/p>\n\n\n\n<p class=\"has-text-align-left\"><strong>M\u00e9thode et r\u00e9sultats&nbsp;: <\/strong>(r\u00e9alis\u00e9e suite \u00e0 un travail initial d&rsquo;audit et de calage de la strat\u00e9gie g\u00e9n\u00e9rale) Refonte de l&rsquo;organigramme, re-mobilisation des \u00e9quipes, refonte des fiches de poste, int\u00e9gration du \u00ab\u00a0mode projet\u00a0\u00bb sur les actions lanc\u00e9es,&nbsp;coaching des personnes importantes, formation au e-tourisme, aide au recrutement\u2026<\/p>\n\n\n\n<div class=\"wp-block-group\"><div class=\"wp-block-group__inner-container is-layout-flow wp-block-group-is-layout-flow\">\n<p class=\"has-text-align-left\"><strong>Mission de 16 mois<\/strong>&nbsp;: Mission longue et passionnante pour accompagner la mutation obligatoire des outils et des hommes d&rsquo;une structure touristique.<\/p>\n<\/div><\/div>\n\n\n\n<div style=\"height:40px\" aria-hidden=\"true\" class=\"wp-block-spacer\"><\/div>\n\n\n\n<h4 class=\"has-text-align-left wp-block-heading\"><strong>Client&nbsp;: Groupement h\u00f4telier<\/strong><\/h4>\n\n\n\n<p class=\"has-text-align-left\"><strong>Objectifs du client&nbsp;: <\/strong>Trouver un prestataire pour d\u00e9velopper une application mobile de services dans les h\u00f4tels du groupe<\/p>\n\n\n\n<p class=\"has-text-align-left\"><strong>M\u00e9thode et r\u00e9sultats&nbsp;:<\/strong> R\u00e9daction du cahier des charges fonctionnel de l&rsquo;outil souhait\u00e9 (animation de r\u00e9unions avec les managers, propositions, synth\u00e8ses). Organisation de la consultation technique et conseil sur le choix du prestataire technique. Accompagnement sur la gestion du projet jusqu&rsquo;\u00e0 la mise en exploitation de l&rsquo;outil.<\/p>\n\n\n\n<div class=\"wp-block-group\"><div class=\"wp-block-group__inner-container is-layout-flow wp-block-group-is-layout-flow\">\n<p class=\"has-text-align-left\"><strong>Mission de 8 mois&nbsp;<\/strong>: Du cahier des charges initial au suivi concret de la r\u00e9alisation du projet, un consultant sp\u00e9cialis\u00e9 aux c\u00f4t\u00e9s du client pour \u00ab\u00a0rester sur les rails\u00a0\u00bb.<\/p>\n<\/div><\/div>\n\n\n\n<div style=\"height:40px\" aria-hidden=\"true\" class=\"wp-block-spacer\"><\/div>\n\n\n\n<div class=\"wp-block-group\"><div class=\"wp-block-group__inner-container is-layout-flow wp-block-group-is-layout-flow\">\n<h4 class=\"has-text-align-left wp-block-heading\"><strong>Client&nbsp;: Camping 3* sur la M\u00e9diterran\u00e9e<\/strong><\/h4>\n\n\n\n<p class=\"has-text-align-left\"><strong>Objectif du client&nbsp;: <\/strong>Regagner du chiffre d&rsquo;affaires et de la marge nette.<\/p>\n\n\n\n<p class=\"has-text-align-left\"><strong>M\u00e9thode et r\u00e9sultats&nbsp;: <\/strong>Visite approfondie de l&rsquo;\u00e9tablissement, analyse de l&rsquo;offre et des prix, reprise de la strat\u00e9gie marketing avec le chef d&rsquo;entreprise (positionnement, cibles), lancement d&rsquo;actions commerciales prioritaires, lancement de la refonte du site web avec int\u00e9gration de la vente en ligne, mise en place d&rsquo;outils \u00e0 moyen terme (GRC, marketing direct, fid\u00e9lisation)\u2026<\/p>\n\n\n\n<p class=\"has-text-align-left\"><strong>Mission de 6 mois <\/strong>:&nbsp;Mission tr\u00e8s concr\u00e8te mixant les jours en entreprise et le conseil \u00e0 distance du chef d&rsquo;entreprise.<\/p>\n<\/div><\/div>\n\n\n\n<div style=\"height:50px\" aria-hidden=\"true\" class=\"wp-block-spacer\"><\/div>\n\n\n\n<h2 class=\"wp-block-heading\"><strong>En images&#8230;<\/strong><\/h2>\n\n\n\n<figure class=\"wp-block-gallery columns-4 is-cropped wp-block-gallery-1 is-layout-flex wp-block-gallery-is-layout-flex\"><ul class=\"blocks-gallery-grid\"><li class=\"blocks-gallery-item\"><figure><img loading=\"lazy\" decoding=\"async\" width=\"1024\" height=\"787\" src=\"https:\/\/4v.fr\/marketing-tourisme\/wp-content\/uploads\/2020\/09\/AdobeStock_215034946-Converti-1024x787.jpg\" alt=\"\" data-id=\"3197\" data-full-url=\"https:\/\/4v.fr\/marketing-tourisme\/wp-content\/uploads\/2020\/09\/AdobeStock_215034946-Converti.jpg\" data-link=\"https:\/\/4v.fr\/marketing-tourisme\/adobestock_215034946-converti\/\" class=\"wp-image-3197\" srcset=\"https:\/\/4v.fr\/marketing-tourisme\/wp-content\/uploads\/2020\/09\/AdobeStock_215034946-Converti-1024x787.jpg 1024w, https:\/\/4v.fr\/marketing-tourisme\/wp-content\/uploads\/2020\/09\/AdobeStock_215034946-Converti-300x230.jpg 300w, https:\/\/4v.fr\/marketing-tourisme\/wp-content\/uploads\/2020\/09\/AdobeStock_215034946-Converti-768x590.jpg 768w, https:\/\/4v.fr\/marketing-tourisme\/wp-content\/uploads\/2020\/09\/AdobeStock_215034946-Converti-1536x1180.jpg 1536w, https:\/\/4v.fr\/marketing-tourisme\/wp-content\/uploads\/2020\/09\/AdobeStock_215034946-Converti-2048x1573.jpg 2048w, https:\/\/4v.fr\/marketing-tourisme\/wp-content\/uploads\/2020\/09\/AdobeStock_215034946-Converti-1406x1080.jpg 1406w\" sizes=\"auto, (max-width: 1024px) 100vw, 1024px\" \/><\/figure><\/li><li class=\"blocks-gallery-item\"><figure><img loading=\"lazy\" decoding=\"async\" width=\"1024\" height=\"683\" src=\"https:\/\/4v.fr\/marketing-tourisme\/wp-content\/uploads\/2020\/09\/web_AdobeStock_243765868-1024x683.jpg\" alt=\"\" data-id=\"3020\" data-full-url=\"https:\/\/4v.fr\/marketing-tourisme\/wp-content\/uploads\/2020\/09\/web_AdobeStock_243765868.jpg\" data-link=\"https:\/\/4v.fr\/marketing-tourisme\/web_adobestock_243765868\/\" class=\"wp-image-3020\" srcset=\"https:\/\/4v.fr\/marketing-tourisme\/wp-content\/uploads\/2020\/09\/web_AdobeStock_243765868-1024x683.jpg 1024w, https:\/\/4v.fr\/marketing-tourisme\/wp-content\/uploads\/2020\/09\/web_AdobeStock_243765868-300x200.jpg 300w, https:\/\/4v.fr\/marketing-tourisme\/wp-content\/uploads\/2020\/09\/web_AdobeStock_243765868-768x512.jpg 768w, https:\/\/4v.fr\/marketing-tourisme\/wp-content\/uploads\/2020\/09\/web_AdobeStock_243765868-1536x1024.jpg 1536w, https:\/\/4v.fr\/marketing-tourisme\/wp-content\/uploads\/2020\/09\/web_AdobeStock_243765868-1620x1080.jpg 1620w, https:\/\/4v.fr\/marketing-tourisme\/wp-content\/uploads\/2020\/09\/web_AdobeStock_243765868.jpg 1920w\" sizes=\"auto, (max-width: 1024px) 100vw, 1024px\" \/><\/figure><\/li><li class=\"blocks-gallery-item\"><figure><img loading=\"lazy\" decoding=\"async\" width=\"1024\" height=\"768\" src=\"https:\/\/4v.fr\/marketing-tourisme\/wp-content\/uploads\/2020\/09\/IMG_20190912_164949-1024x768.jpg\" alt=\"\" data-id=\"2882\" data-full-url=\"https:\/\/4v.fr\/marketing-tourisme\/wp-content\/uploads\/2020\/09\/IMG_20190912_164949.jpg\" data-link=\"https:\/\/4v.fr\/marketing-tourisme\/lego-serious-play\/img_20190912_164949\/\" class=\"wp-image-2882\" srcset=\"https:\/\/4v.fr\/marketing-tourisme\/wp-content\/uploads\/2020\/09\/IMG_20190912_164949-1024x768.jpg 1024w, https:\/\/4v.fr\/marketing-tourisme\/wp-content\/uploads\/2020\/09\/IMG_20190912_164949-300x225.jpg 300w, https:\/\/4v.fr\/marketing-tourisme\/wp-content\/uploads\/2020\/09\/IMG_20190912_164949-768x576.jpg 768w, https:\/\/4v.fr\/marketing-tourisme\/wp-content\/uploads\/2020\/09\/IMG_20190912_164949-1536x1152.jpg 1536w, https:\/\/4v.fr\/marketing-tourisme\/wp-content\/uploads\/2020\/09\/IMG_20190912_164949-2048x1536.jpg 2048w, https:\/\/4v.fr\/marketing-tourisme\/wp-content\/uploads\/2020\/09\/IMG_20190912_164949-1440x1080.jpg 1440w\" sizes=\"auto, (max-width: 1024px) 100vw, 1024px\" \/><\/figure><\/li><li class=\"blocks-gallery-item\"><figure><img loading=\"lazy\" decoding=\"async\" width=\"1024\" height=\"768\" src=\"https:\/\/4v.fr\/marketing-tourisme\/wp-content\/uploads\/2019\/05\/photo-1024x768.jpg\" alt=\"\" data-id=\"2273\" data-full-url=\"https:\/\/4v.fr\/marketing-tourisme\/wp-content\/uploads\/2019\/05\/photo.jpg\" data-link=\"https:\/\/4v.fr\/marketing-tourisme\/photo\/\" class=\"wp-image-2273\" srcset=\"https:\/\/4v.fr\/marketing-tourisme\/wp-content\/uploads\/2019\/05\/photo-1024x768.jpg 1024w, https:\/\/4v.fr\/marketing-tourisme\/wp-content\/uploads\/2019\/05\/photo-300x225.jpg 300w, https:\/\/4v.fr\/marketing-tourisme\/wp-content\/uploads\/2019\/05\/photo-768x576.jpg 768w, https:\/\/4v.fr\/marketing-tourisme\/wp-content\/uploads\/2019\/05\/photo-1536x1152.jpg 1536w, https:\/\/4v.fr\/marketing-tourisme\/wp-content\/uploads\/2019\/05\/photo-1440x1080.jpg 1440w, https:\/\/4v.fr\/marketing-tourisme\/wp-content\/uploads\/2019\/05\/photo.jpg 1632w\" sizes=\"auto, (max-width: 1024px) 100vw, 1024px\" \/><\/figure><\/li><li class=\"blocks-gallery-item\"><figure><img loading=\"lazy\" decoding=\"async\" width=\"768\" height=\"1024\" src=\"https:\/\/4v.fr\/marketing-tourisme\/wp-content\/uploads\/2020\/09\/IMG_20190912_133727-768x1024.jpg\" alt=\"\" data-id=\"2878\" data-full-url=\"https:\/\/4v.fr\/marketing-tourisme\/wp-content\/uploads\/2020\/09\/IMG_20190912_133727.jpg\" data-link=\"https:\/\/4v.fr\/marketing-tourisme\/lego-serious-play\/img_20190912_133727\/\" class=\"wp-image-2878\" srcset=\"https:\/\/4v.fr\/marketing-tourisme\/wp-content\/uploads\/2020\/09\/IMG_20190912_133727-768x1024.jpg 768w, https:\/\/4v.fr\/marketing-tourisme\/wp-content\/uploads\/2020\/09\/IMG_20190912_133727-225x300.jpg 225w, https:\/\/4v.fr\/marketing-tourisme\/wp-content\/uploads\/2020\/09\/IMG_20190912_133727-1152x1536.jpg 1152w, https:\/\/4v.fr\/marketing-tourisme\/wp-content\/uploads\/2020\/09\/IMG_20190912_133727-1536x2048.jpg 1536w, https:\/\/4v.fr\/marketing-tourisme\/wp-content\/uploads\/2020\/09\/IMG_20190912_133727-1024x1365.jpg 1024w, https:\/\/4v.fr\/marketing-tourisme\/wp-content\/uploads\/2020\/09\/IMG_20190912_133727-810x1080.jpg 810w\" sizes=\"auto, (max-width: 768px) 100vw, 768px\" \/><\/figure><\/li><li class=\"blocks-gallery-item\"><figure><img loading=\"lazy\" decoding=\"async\" width=\"1024\" height=\"683\" src=\"https:\/\/4v.fr\/marketing-tourisme\/wp-content\/uploads\/2020\/09\/web_AdobeStock_188329160-1024x683.jpg\" alt=\"\" data-id=\"3082\" data-full-url=\"https:\/\/4v.fr\/marketing-tourisme\/wp-content\/uploads\/2020\/09\/web_AdobeStock_188329160.jpg\" data-link=\"https:\/\/4v.fr\/marketing-tourisme\/web_adobestock_188329160\/\" class=\"wp-image-3082\" srcset=\"https:\/\/4v.fr\/marketing-tourisme\/wp-content\/uploads\/2020\/09\/web_AdobeStock_188329160-1024x683.jpg 1024w, https:\/\/4v.fr\/marketing-tourisme\/wp-content\/uploads\/2020\/09\/web_AdobeStock_188329160-300x200.jpg 300w, https:\/\/4v.fr\/marketing-tourisme\/wp-content\/uploads\/2020\/09\/web_AdobeStock_188329160-768x512.jpg 768w, https:\/\/4v.fr\/marketing-tourisme\/wp-content\/uploads\/2020\/09\/web_AdobeStock_188329160-1536x1024.jpg 1536w, https:\/\/4v.fr\/marketing-tourisme\/wp-content\/uploads\/2020\/09\/web_AdobeStock_188329160-1620x1080.jpg 1620w, https:\/\/4v.fr\/marketing-tourisme\/wp-content\/uploads\/2020\/09\/web_AdobeStock_188329160.jpg 1920w\" sizes=\"auto, (max-width: 1024px) 100vw, 1024px\" \/><\/figure><\/li><li class=\"blocks-gallery-item\"><figure><img loading=\"lazy\" decoding=\"async\" width=\"1024\" height=\"683\" src=\"https:\/\/4v.fr\/marketing-tourisme\/wp-content\/uploads\/2020\/09\/web_AdobeStock_159935478-1024x683.jpg\" alt=\"\" data-id=\"3091\" data-full-url=\"https:\/\/4v.fr\/marketing-tourisme\/wp-content\/uploads\/2020\/09\/web_AdobeStock_159935478.jpg\" data-link=\"https:\/\/4v.fr\/marketing-tourisme\/web_adobestock_159935478\/\" class=\"wp-image-3091\" srcset=\"https:\/\/4v.fr\/marketing-tourisme\/wp-content\/uploads\/2020\/09\/web_AdobeStock_159935478-1024x683.jpg 1024w, https:\/\/4v.fr\/marketing-tourisme\/wp-content\/uploads\/2020\/09\/web_AdobeStock_159935478-300x200.jpg 300w, https:\/\/4v.fr\/marketing-tourisme\/wp-content\/uploads\/2020\/09\/web_AdobeStock_159935478-768x512.jpg 768w, https:\/\/4v.fr\/marketing-tourisme\/wp-content\/uploads\/2020\/09\/web_AdobeStock_159935478-1536x1025.jpg 1536w, https:\/\/4v.fr\/marketing-tourisme\/wp-content\/uploads\/2020\/09\/web_AdobeStock_159935478-1619x1080.jpg 1619w, https:\/\/4v.fr\/marketing-tourisme\/wp-content\/uploads\/2020\/09\/web_AdobeStock_159935478.jpg 1920w\" sizes=\"auto, (max-width: 1024px) 100vw, 1024px\" \/><\/figure><\/li><li class=\"blocks-gallery-item\"><figure><img loading=\"lazy\" decoding=\"async\" width=\"1024\" height=\"684\" src=\"https:\/\/4v.fr\/marketing-tourisme\/wp-content\/uploads\/2020\/09\/web_AdobeStock_176341106-1024x684.jpg\" alt=\"\" data-id=\"3092\" data-full-url=\"https:\/\/4v.fr\/marketing-tourisme\/wp-content\/uploads\/2020\/09\/web_AdobeStock_176341106.jpg\" data-link=\"https:\/\/4v.fr\/marketing-tourisme\/web_adobestock_176341106\/\" class=\"wp-image-3092\" srcset=\"https:\/\/4v.fr\/marketing-tourisme\/wp-content\/uploads\/2020\/09\/web_AdobeStock_176341106-1024x684.jpg 1024w, https:\/\/4v.fr\/marketing-tourisme\/wp-content\/uploads\/2020\/09\/web_AdobeStock_176341106-300x200.jpg 300w, https:\/\/4v.fr\/marketing-tourisme\/wp-content\/uploads\/2020\/09\/web_AdobeStock_176341106-768x513.jpg 768w, https:\/\/4v.fr\/marketing-tourisme\/wp-content\/uploads\/2020\/09\/web_AdobeStock_176341106-1536x1026.jpg 1536w, https:\/\/4v.fr\/marketing-tourisme\/wp-content\/uploads\/2020\/09\/web_AdobeStock_176341106-1617x1080.jpg 1617w, https:\/\/4v.fr\/marketing-tourisme\/wp-content\/uploads\/2020\/09\/web_AdobeStock_176341106.jpg 1920w\" sizes=\"auto, (max-width: 1024px) 100vw, 1024px\" \/><\/figure><\/li><li class=\"blocks-gallery-item\"><figure><img loading=\"lazy\" decoding=\"async\" width=\"1024\" height=\"576\" src=\"https:\/\/4v.fr\/marketing-tourisme\/wp-content\/uploads\/2020\/09\/web_AdobeStock_284656559-1024x576.jpg\" alt=\"\" data-id=\"3084\" data-full-url=\"https:\/\/4v.fr\/marketing-tourisme\/wp-content\/uploads\/2020\/09\/web_AdobeStock_284656559.jpg\" data-link=\"https:\/\/4v.fr\/marketing-tourisme\/web_adobestock_284656559\/\" class=\"wp-image-3084\" srcset=\"https:\/\/4v.fr\/marketing-tourisme\/wp-content\/uploads\/2020\/09\/web_AdobeStock_284656559-1024x576.jpg 1024w, https:\/\/4v.fr\/marketing-tourisme\/wp-content\/uploads\/2020\/09\/web_AdobeStock_284656559-300x169.jpg 300w, https:\/\/4v.fr\/marketing-tourisme\/wp-content\/uploads\/2020\/09\/web_AdobeStock_284656559-768x432.jpg 768w, https:\/\/4v.fr\/marketing-tourisme\/wp-content\/uploads\/2020\/09\/web_AdobeStock_284656559-1536x864.jpg 1536w, https:\/\/4v.fr\/marketing-tourisme\/wp-content\/uploads\/2020\/09\/web_AdobeStock_284656559.jpg 1920w\" sizes=\"auto, (max-width: 1024px) 100vw, 1024px\" \/><\/figure><\/li><li class=\"blocks-gallery-item\"><figure><img loading=\"lazy\" decoding=\"async\" width=\"542\" height=\"360\" src=\"https:\/\/4v.fr\/marketing-tourisme\/wp-content\/uploads\/2019\/11\/cropped-4V-LEGO-SERIOUS-PLAY.jpg\" alt=\"\" data-id=\"2649\" data-full-url=\"https:\/\/4v.fr\/marketing-tourisme\/wp-content\/uploads\/2019\/11\/cropped-4V-LEGO-SERIOUS-PLAY.jpg\" data-link=\"https:\/\/4v.fr\/marketing-tourisme\/cropped-4v-lego-serious-play-jpg\/\" class=\"wp-image-2649\" srcset=\"https:\/\/4v.fr\/marketing-tourisme\/wp-content\/uploads\/2019\/11\/cropped-4V-LEGO-SERIOUS-PLAY.jpg 542w, https:\/\/4v.fr\/marketing-tourisme\/wp-content\/uploads\/2019\/11\/cropped-4V-LEGO-SERIOUS-PLAY-300x199.jpg 300w\" sizes=\"auto, (max-width: 542px) 100vw, 542px\" \/><\/figure><\/li><li class=\"blocks-gallery-item\"><figure><img loading=\"lazy\" decoding=\"async\" width=\"542\" height=\"360\" src=\"https:\/\/4v.fr\/marketing-tourisme\/wp-content\/uploads\/2019\/12\/cropped-FB_IMG_1541168309573.jpg\" alt=\"\" data-id=\"2647\" data-full-url=\"https:\/\/4v.fr\/marketing-tourisme\/wp-content\/uploads\/2019\/12\/cropped-FB_IMG_1541168309573.jpg\" data-link=\"https:\/\/4v.fr\/marketing-tourisme\/cropped-fb_img_1541168309573-jpg\/\" class=\"wp-image-2647\" srcset=\"https:\/\/4v.fr\/marketing-tourisme\/wp-content\/uploads\/2019\/12\/cropped-FB_IMG_1541168309573.jpg 542w, https:\/\/4v.fr\/marketing-tourisme\/wp-content\/uploads\/2019\/12\/cropped-FB_IMG_1541168309573-300x199.jpg 300w\" sizes=\"auto, (max-width: 542px) 100vw, 542px\" \/><\/figure><\/li><\/ul><\/figure>\n","protected":false},"excerpt":{"rendered":"<p>Le conseil, la base de notre m\u00e9tier et de notre implication. Se permettre de promulguer des conseils professionnels requiert une certaine exp\u00e9rience et une grande&hellip; <br \/> <a class=\"read-more\" href=\"https:\/\/4v.fr\/marketing-tourisme\/cabinet-4v-conseil\/\">Lire la suite<\/a><\/p>\n","protected":false},"author":1,"featured_media":0,"parent":0,"menu_order":3,"comment_status":"closed","ping_status":"closed","template":"","meta":{"_monsterinsights_skip_tracking":false,"_monsterinsights_sitenote_active":false,"_monsterinsights_sitenote_note":"","_monsterinsights_sitenote_category":0,"slim_seo":{"title":"CONSEIL - 4V Tourisme Marketing Etude Enquete Conseil Formation Coaching Conf\u00e9rence","description":"Le conseil, la base de notre m\u00e9tier et de notre implication. Des petits d\u00e9tails qui font la diff\u00e9rence 20 ans d'exp\u00e9rience dans le conseil et l'accompagnement M"},"footnotes":""},"wf_page_folders":[],"class_list":["post-213","page","type-page","status-publish","hentry"],"_links":{"self":[{"href":"https:\/\/4v.fr\/marketing-tourisme\/wp-json\/wp\/v2\/pages\/213","targetHints":{"allow":["GET"]}}],"collection":[{"href":"https:\/\/4v.fr\/marketing-tourisme\/wp-json\/wp\/v2\/pages"}],"about":[{"href":"https:\/\/4v.fr\/marketing-tourisme\/wp-json\/wp\/v2\/types\/page"}],"author":[{"embeddable":true,"href":"https:\/\/4v.fr\/marketing-tourisme\/wp-json\/wp\/v2\/users\/1"}],"replies":[{"embeddable":true,"href":"https:\/\/4v.fr\/marketing-tourisme\/wp-json\/wp\/v2\/comments?post=213"}],"version-history":[{"count":0,"href":"https:\/\/4v.fr\/marketing-tourisme\/wp-json\/wp\/v2\/pages\/213\/revisions"}],"wp:attachment":[{"href":"https:\/\/4v.fr\/marketing-tourisme\/wp-json\/wp\/v2\/media?parent=213"}],"wp:term":[{"taxonomy":"wf_page_folders","embeddable":true,"href":"https:\/\/4v.fr\/marketing-tourisme\/wp-json\/wp\/v2\/wf_page_folders?post=213"}],"curies":[{"name":"wp","href":"https:\/\/api.w.org\/{rel}","templated":true}]}}