{"id":195,"date":"2014-01-01T18:32:21","date_gmt":"2014-01-01T17:32:21","guid":{"rendered":"http:\/\/4v.fr\/marketing-tourisme\/?page_id=195"},"modified":"2025-10-24T09:42:40","modified_gmt":"2025-10-24T08:42:40","slug":"cabinet-4v-consultants-vivian_vidal-veronique-vidal-idrezo","status":"publish","type":"page","link":"https:\/\/4v.fr\/marketing-tourisme\/cabinet-4v-consultants-vivian_vidal-veronique-vidal-idrezo\/","title":{"rendered":"INTERVENANT.E.S"},"content":{"rendered":"\n<h2 class=\"wp-block-heading\">Des experte.s, passionn\u00e9.e.s et compl\u00e9mentaires<\/h2>\n\n\n\n<hr class=\"wp-block-separator has-css-opacity\" \/>\n\n\n\n<h2 class=\"wp-block-heading\">V\u00e9ronique VIDAL<\/h2>\n\n\n\n<div style=\"height:40px\" aria-hidden=\"true\" class=\"wp-block-spacer\"><\/div>\n\n\n\n<p class=\"has-drop-cap has-text-align-left has-normal-font-size\">Sp\u00e9cialiste du <strong>marketing strat\u00e9gique<\/strong> appliqu\u00e9 et bilingue FR\/GB, V\u00e9ronique est titulaire d\u2019un BA of Honours International Business (University of the West of England) et d\u2019une ma\u00eetrise de marketing international. Ses interventions en tant que <strong>consultante<\/strong> aupr\u00e8s d&rsquo;entreprises ou de territoires sont souvent orient\u00e9es sur les <strong>probl\u00e9matiques strat\u00e9giques<\/strong> en amont des projets ou des actions. Elle a travaill\u00e9 en France et en Angleterre sur des projets \u00e9v\u00e8nementiels internationaux (Etats-Unis, Russie, \u00c9gypte, Ukraine&#8230;), sur <strong>l\u2019accompagnement d\u2019entreprises<\/strong> \u00e0 l\u2019export et sur des \u00e9tudes de march\u00e9. Elle intervient \u00e9galement comme <strong>formatrice<\/strong> dans des \u00e9coles sup\u00e9rieures de commerce et des entreprises dans le cadre de <strong>s\u00e9minaires<\/strong> sur le marketing, le webmarketing et la communication et r\u00e9alise \u00e9galement des <strong>conf\u00e9rences<\/strong> sur le tourisme et le marketing.<\/p>\n\n\n\n<figure class=\"wp-block-table\"><table class=\"has-fixed-layout\"><tbody><tr><td class=\"has-text-align-center\" data-align=\"center\"> <figure class=\"wp-block-image size-large\"><img loading=\"lazy\" decoding=\"async\" width=\"891\" height=\"891\" class=\"wp-image-2665\" style=\"width: 200px\" src=\"https:\/\/4v.fr\/marketing-tourisme\/wp-content\/uploads\/2020\/09\/veronique_vidal.jpg\" alt=\"\" srcset=\"https:\/\/4v.fr\/marketing-tourisme\/wp-content\/uploads\/2020\/09\/veronique_vidal.jpg 891w, https:\/\/4v.fr\/marketing-tourisme\/wp-content\/uploads\/2020\/09\/veronique_vidal-300x300.jpg 300w, https:\/\/4v.fr\/marketing-tourisme\/wp-content\/uploads\/2020\/09\/veronique_vidal-150x150.jpg 150w, https:\/\/4v.fr\/marketing-tourisme\/wp-content\/uploads\/2020\/09\/veronique_vidal-768x768.jpg 768w, https:\/\/4v.fr\/marketing-tourisme\/wp-content\/uploads\/2020\/09\/veronique_vidal-50x50.jpg 50w\" sizes=\"auto, (max-width: 891px) 100vw, 891px\" \/><\/figure><\/td><td class=\"has-text-align-center\" data-align=\"center\"><img decoding=\"async\" src=\"http:\/\/4v.fr\/marketing-tourisme\/wp-content\/uploads\/2014\/01\/portrait_vero.jpg\" alt=\"\" style=\"width: 300px\"><\/td><td class=\"has-text-align-center\" data-align=\"center\"><img decoding=\"async\" style=\"width: 180px\" src=\"https:\/\/4v.fr\/marketing-tourisme\/wp-content\/uploads\/2019\/05\/veronique.jpg\" alt=\"\"><\/td><\/tr><\/tbody><\/table><\/figure>\n\n\n\n<h4 class=\"wp-block-heading\"><strong>Mes trucs en plus&#8230;<\/strong><\/h4>\n\n\n\n<figure class=\"wp-block-table\"><table class=\"has-fixed-layout\"><tbody><tr><td class=\"has-text-align-center\" data-align=\"center\"><img decoding=\"async\" style=\"width: 200px\" src=\"https:\/\/4v.fr\/marketing-tourisme\/wp-content\/uploads\/2020\/09\/ECC-European-Coaching-Certificate-linkup-Coaching.png\" alt=\"\"><\/td><td class=\"has-text-align-center\" data-align=\"center\"><img decoding=\"async\" style=\"width: 150px\" src=\"https:\/\/4v.fr\/marketing-tourisme\/wp-content\/uploads\/2020\/09\/logo-LSP.jpg\" alt=\"\"><\/td><td class=\"has-text-align-center\" data-align=\"center\"><img decoding=\"async\" style=\"width: 200px\" src=\"https:\/\/4v.fr\/marketing-tourisme\/wp-content\/uploads\/2020\/09\/DISC.jpg\" alt=\"\"><\/td><\/tr><tr><td class=\"has-text-align-center\" data-align=\"center\"><strong>Coach professionnelle \u00ab\u00a0European Coaching certificate\u00a0\u00bb <\/strong><em>(<a href=\"https:\/\/4v.fr\/marketing-tourisme\/cabinet-4v-coaching\/coach-professionnel-veronique-vidal\/\" target=\"_blank\" rel=\"noreferrer noopener\">en savoir plus<\/a>)<\/em><\/td><td class=\"has-text-align-center\" data-align=\"center\"><strong>Facilitatrice certifi\u00e9e LEGO\u00ae SERIOUS PLAY\u00ae<\/strong> <em>(<a href=\"https:\/\/4v.fr\/marketing-tourisme\/lego-serious-play\/\" target=\"_blank\" rel=\"noreferrer noopener\">en savoir plus<\/a>)<\/em><\/td><td class=\"has-text-align-center\" data-align=\"center\"><strong><strong>Certification professionnelle \u00e0 l&rsquo;outil comportemental DISC<\/strong>\u00ae<\/strong><\/td><\/tr><\/tbody><\/table><\/figure>\n\n\n\n<div class=\"wp-block-file\"><a id=\"wp-block-file--media-3b9db4f4-97ff-4167-b8f7-bcf386b02a9c\" href=\"https:\/\/4v.fr\/marketing-tourisme\/wp-content\/uploads\/2020\/09\/CV_VERONIQUE_VIDAL_4V.pdf\">Pr\u00e9sentation et CV de V\u00e9ronique VIDAL<\/a><a href=\"https:\/\/4v.fr\/marketing-tourisme\/wp-content\/uploads\/2020\/09\/CV_VERONIQUE_VIDAL_4V.pdf\" class=\"wp-block-file__button wp-element-button\" download aria-describedby=\"wp-block-file--media-3b9db4f4-97ff-4167-b8f7-bcf386b02a9c\">T\u00e9l\u00e9charger<\/a><\/div>\n\n\n\n<div style=\"height:40px\" aria-hidden=\"true\" class=\"wp-block-spacer\"><\/div>\n\n\n\n<hr class=\"wp-block-separator has-css-opacity\" \/>\n\n\n\n<div style=\"height:40px\" aria-hidden=\"true\" class=\"wp-block-spacer\"><\/div>\n\n\n\n<h2 class=\"wp-block-heading\">Vivian VIDAL<\/h2>\n\n\n\n<div style=\"height:40px\" aria-hidden=\"true\" class=\"wp-block-spacer\"><\/div>\n\n\n\n<p class=\"has-drop-cap has-text-align-left has-normal-font-size\"><strong>Conf\u00e9rencier et consultant<\/strong>, Vivian Vidal est sp\u00e9cialis\u00e9 depuis 20 ans dans les probl\u00e9matiques li\u00e9es \u00e0 l&rsquo;<strong>industrie du tourisme<\/strong>, dans l\u2019utilisation des <strong>outils num\u00e9riques<\/strong> et dans les <strong>techniques d&rsquo;\u00e9tudes et d&rsquo;enqu\u00eates<\/strong>, il a \u00e9galement travaill\u00e9 sur des projets de <strong>d\u00e9veloppement touristiques<\/strong> au Br\u00e9sil, dans l&rsquo;oc\u00e9an indien et en France. Il accompagne de nombreux territoires et entreprises du monde du tourisme dans le cadre de d\u00e9finition de <strong>strat\u00e9gies marketing<\/strong> ou de mise en place de <strong>plans d&rsquo;actions num\u00e9riques<\/strong>, dans la <strong>r\u00e9organisation de structures<\/strong>\u2026 Il est reconnu en France comme <strong>expert de l&rsquo;industrie touristique.<\/strong><\/p>\n\n\n\n<figure class=\"wp-block-table is-style-regular\"><table class=\"has-fixed-layout\"><tbody><tr><td class=\"has-text-align-center\" data-align=\"center\"><figure class=\"wp-block-image size-large\"><img decoding=\"async\" style=\"width: 210px\" src=\"https:\/\/4v.fr\/marketing-tourisme\/wp-content\/uploads\/2023\/07\/IMG_33162-248x300.jpg\" alt=\"\"><\/figure><figure class=\"wp-block-image size-large\"><\/figure><\/td><td class=\"has-text-align-center\" data-align=\"center\"><img decoding=\"async\" style=\"width: 270px\" src=\"https:\/\/4v.fr\/marketing-tourisme\/wp-content\/uploads\/2023\/07\/IMG_33272-300x285.jpg\" alt=\"\"><\/td><td class=\"has-text-align-center\" data-align=\"center\"><img decoding=\"async\" style=\"width: 260px\" src=\"https:\/\/4v.fr\/marketing-tourisme\/wp-content\/uploads\/2023\/07\/PXL_20230628_110658375.PORTRAIT3-300x293.jpg\" alt=\"\"><\/td><\/tr><\/tbody><\/table><\/figure>\n\n\n\n<h4 class=\"wp-block-heading\"><strong>Mes trucs en plus&#8230;<\/strong><\/h4>\n\n\n\n<figure class=\"wp-block-table\"><table class=\"has-fixed-layout\"><tbody><tr><td class=\"has-text-align-center\" data-align=\"center\"><img loading=\"lazy\" decoding=\"async\" width=\"600\" height=\"300\" class=\"wp-image-5182\" style=\"width: 300px\" src=\"https:\/\/4v.fr\/marketing-tourisme\/wp-content\/uploads\/2025\/10\/depositphotos_94550600-stock-illustration-monogram-negative-space-letter-logo.png\" alt=\"Depositphotos 94550600 stock illustration monogram negative space letter logo\" srcset=\"https:\/\/4v.fr\/marketing-tourisme\/wp-content\/uploads\/2025\/10\/depositphotos_94550600-stock-illustration-monogram-negative-space-letter-logo.png 600w, https:\/\/4v.fr\/marketing-tourisme\/wp-content\/uploads\/2025\/10\/depositphotos_94550600-stock-illustration-monogram-negative-space-letter-logo-300x150.png 300w\" sizes=\"auto, (max-width: 600px) 100vw, 600px\" \/><\/td><td class=\"has-text-align-center\" data-align=\"center\"><img decoding=\"async\" style=\"width: 150px\" src=\"https:\/\/4v.fr\/marketing-tourisme\/wp-content\/uploads\/2020\/09\/logo-LSP.jpg\" alt=\"\"><\/td><td class=\"has-text-align-center\" data-align=\"center\"><img loading=\"lazy\" decoding=\"async\" width=\"512\" height=\"342\" class=\"wp-image-2922\" style=\"width: 200px\" src=\"https:\/\/4v.fr\/marketing-tourisme\/wp-content\/uploads\/2020\/09\/GAC.png\" alt=\"\" srcset=\"https:\/\/4v.fr\/marketing-tourisme\/wp-content\/uploads\/2020\/09\/GAC.png 512w, https:\/\/4v.fr\/marketing-tourisme\/wp-content\/uploads\/2020\/09\/GAC-300x200.png 300w\" sizes=\"auto, (max-width: 512px) 100vw, 512px\" \/><\/td><\/tr><tr><td class=\"has-text-align-center\" data-align=\"center\"><strong>Expert en traitement de donn\u00e9es, data analyse et IA sp\u00e9cialis\u00e9es<\/strong><\/td><td class=\"has-text-align-center\" data-align=\"center\"><strong>Facilitateur certifi\u00e9<\/strong><br><strong>LEGO\u00ae SERIOUS PLAY\u00ae<\/strong> <br><em>(<a href=\"https:\/\/4v.fr\/marketing-tourisme\/lego-serious-play\/\" target=\"_blank\" rel=\"noreferrer noopener\">en savoir plus<\/a>)<\/em><\/td><td class=\"has-text-align-center\" data-align=\"center\"><strong>Expert en statistiques<\/strong><br><strong><strong>Google Analytics (certified<\/strong><\/strong>)<\/td><\/tr><\/tbody><\/table><\/figure>\n\n\n\n<div class=\"wp-block-file\"><a id=\"wp-block-file--media-963f7de7-3e05-4ea6-b4f8-950665ccdadc\" href=\"https:\/\/4v.fr\/marketing-tourisme\/wp-content\/uploads\/2020\/09\/CV_VIVIAN_VIDAL_4V.pdf\">Pr\u00e9sentation et CV de Vivian VIDAL<\/a><a href=\"https:\/\/4v.fr\/marketing-tourisme\/wp-content\/uploads\/2020\/09\/CV_VIVIAN_VIDAL_4V.pdf\" class=\"wp-block-file__button wp-element-button\" download aria-describedby=\"wp-block-file--media-963f7de7-3e05-4ea6-b4f8-950665ccdadc\">T\u00e9l\u00e9charger<\/a><\/div>\n\n\n\n<div style=\"height:40px\" aria-hidden=\"true\" class=\"wp-block-spacer\"><\/div>\n\n\n\n<hr class=\"wp-block-separator has-alpha-channel-opacity\" \/>\n\n\n\n<div style=\"height:40px\" aria-hidden=\"true\" class=\"wp-block-spacer\"><\/div>\n\n\n\n<h2 class=\"wp-block-heading\">Martin Roques<\/h2>\n\n\n\n<div style=\"height:40px\" aria-hidden=\"true\" class=\"wp-block-spacer\"><\/div>\n\n\n\n<p class=\"has-drop-cap has-text-align-left has-normal-font-size\"><strong>Consultant <\/strong>, Martin Roques suit plus sp\u00e9cifiquement des dossiers de territoires ou d\u2019entreprises visant \u00e0 <strong>int\u00e9grer les pratiques sportives (ou de loisirs sportifs) dans des projets de d\u00e9veloppement touristiques ou dans leur offre.<\/strong> Sportif de haut niveau toujours en activit\u00e9, il a une connaissance et une pratique \u00ab&nbsp;multi-sports&nbsp;\u00bb tr\u00e8s large et s&rsquo;est sp\u00e9cialis\u00e9 dans le d\u00e9veloppement <strong>de l&rsquo;itin\u00e9rance, de la randonn\u00e9e et du tourisme \u00e0 v\u00e9lo<\/strong>.<\/p>\n\n\n\n<div style=\"height:40px\" aria-hidden=\"true\" class=\"wp-block-spacer\"><\/div>\n\n\n\n<figure class=\"wp-block-table is-style-regular has-large-font-size\"><table class=\"has-fixed-layout\"><tbody><tr><td class=\"has-text-align-center\" data-align=\"center\"><br><img loading=\"lazy\" decoding=\"async\" width=\"1918\" height=\"1920\" class=\"wp-image-5042\" style=\"width: 150px\" src=\"https:\/\/4v.fr\/marketing-tourisme\/wp-content\/uploads\/2025\/09\/ROQUES_Matthieu_004.jpg\" alt=\"Roques matthieu 004\" srcset=\"https:\/\/4v.fr\/marketing-tourisme\/wp-content\/uploads\/2025\/09\/ROQUES_Matthieu_004.jpg 1918w, https:\/\/4v.fr\/marketing-tourisme\/wp-content\/uploads\/2025\/09\/ROQUES_Matthieu_004-300x300.jpg 300w, https:\/\/4v.fr\/marketing-tourisme\/wp-content\/uploads\/2025\/09\/ROQUES_Matthieu_004-1024x1025.jpg 1024w, https:\/\/4v.fr\/marketing-tourisme\/wp-content\/uploads\/2025\/09\/ROQUES_Matthieu_004-150x150.jpg 150w, https:\/\/4v.fr\/marketing-tourisme\/wp-content\/uploads\/2025\/09\/ROQUES_Matthieu_004-768x769.jpg 768w, https:\/\/4v.fr\/marketing-tourisme\/wp-content\/uploads\/2025\/09\/ROQUES_Matthieu_004-1534x1536.jpg 1534w, https:\/\/4v.fr\/marketing-tourisme\/wp-content\/uploads\/2025\/09\/ROQUES_Matthieu_004-1079x1080.jpg 1079w, https:\/\/4v.fr\/marketing-tourisme\/wp-content\/uploads\/2025\/09\/ROQUES_Matthieu_004-50x50.jpg 50w\" sizes=\"auto, (max-width: 1918px) 100vw, 1918px\" \/><br><\/td><td class=\"has-text-align-center\" data-align=\"center\"><s><img loading=\"lazy\" decoding=\"async\" width=\"192\" height=\"163\" class=\"wp-image-3831\" style=\"width: 150px\" src=\"https:\/\/4v.fr\/marketing-tourisme\/wp-content\/uploads\/2023\/10\/sportif.png\" alt=\"\"><\/s><\/td><td class=\"has-text-align-center\" data-align=\"center\"><s><img loading=\"lazy\" decoding=\"async\" width=\"246\" height=\"84\" class=\"wp-image-3830\" style=\"width: 200px\" src=\"https:\/\/4v.fr\/marketing-tourisme\/wp-content\/uploads\/2023\/10\/amos.png\" alt=\"\"><\/s><\/td><\/tr><\/tbody><\/table><\/figure>\n\n\n\n<div style=\"height:40px\" aria-hidden=\"true\" class=\"wp-block-spacer\"><\/div>\n\n\n\n<hr class=\"wp-block-separator has-css-opacity\" \/>\n\n\n\n<div style=\"height:40px\" aria-hidden=\"true\" class=\"wp-block-spacer\"><\/div>\n\n\n\n<h2 class=\"wp-block-heading\">Expert.e.s de la marque \u00ab\u00a0id-rezo\u00a0\u00bb<\/h2>\n\n\n\n<div style=\"height:40px\" aria-hidden=\"true\" class=\"wp-block-spacer\"><\/div>\n\n\n<div class=\"wp-block-image\">\n<figure class=\"aligncenter size-medium\"><img loading=\"lazy\" decoding=\"async\" width=\"300\" height=\"197\" src=\"https:\/\/4v.fr\/marketing-tourisme\/wp-content\/uploads\/2025\/10\/idrezo-2023_fond_blanc_recadre-300x197.jpg\" alt=\"id-rezo - cabinet 4V\" class=\"wp-image-5129\" srcset=\"https:\/\/4v.fr\/marketing-tourisme\/wp-content\/uploads\/2025\/10\/idrezo-2023_fond_blanc_recadre-300x197.jpg 300w, https:\/\/4v.fr\/marketing-tourisme\/wp-content\/uploads\/2025\/10\/idrezo-2023_fond_blanc_recadre.jpg 610w\" sizes=\"auto, (max-width: 300px) 100vw, 300px\" \/><\/figure>\n<\/div>\n\n\n<div style=\"height:40px\" aria-hidden=\"true\" class=\"wp-block-spacer\"><\/div>\n\n\n\n<p class=\"has-drop-cap\">id-rezo est une marque qui regroupe <strong>un pool de consultants sp\u00e9cialis\u00e9s dans le tourisme<\/strong> : Benoit Dudragne, Jonathan Vidor, Arnaud Maes, Mathieu Vadot, Vincent Vandevelde, V\u00e9ronique Vidal, Jean-Patrick Mancini et Vivian Vidal.  Chacun d\u2019entre nous a pouss\u00e9 son expertise dans des secteurs cl\u00e9 : <strong>strat\u00e9gie marketing, positionnement, ciblage, efficacit\u00e9 du site web, visibilit\u00e9 num\u00e9rique, GRC, marketing direct, publicit\u00e9 web, r\u00e9seaux sociaux, e-r\u00e9putation, veille, commercialisation en ligne, interm\u00e9diaires, OTA<\/strong>\u2026 <\/p>\n\n\n\n<div style=\"height:40px\" aria-hidden=\"true\" class=\"wp-block-spacer\"><\/div>\n\n\n\n<div class=\"wp-block-columns is-layout-flex wp-container-core-columns-is-layout-9d6595d7 wp-block-columns-is-layout-flex\">\n<div class=\"wp-block-column is-layout-flow wp-block-column-is-layout-flow\" style=\"flex-basis:100%\">\n<div class=\"wp-block-media-text is-stacked-on-mobile is-vertically-aligned-center\" style=\"grid-template-columns:40% auto\"><figure class=\"wp-block-media-text__media\"><img loading=\"lazy\" decoding=\"async\" width=\"1024\" height=\"744\" src=\"https:\/\/4v.fr\/marketing-tourisme\/wp-content\/uploads\/2023\/07\/Juvi-idrezo1-1024x744.jpg\" alt=\"\" class=\"wp-image-3726 size-full\" srcset=\"https:\/\/4v.fr\/marketing-tourisme\/wp-content\/uploads\/2023\/07\/Juvi-idrezo1-1024x744.jpg 1024w, https:\/\/4v.fr\/marketing-tourisme\/wp-content\/uploads\/2023\/07\/Juvi-idrezo1-300x218.jpg 300w, https:\/\/4v.fr\/marketing-tourisme\/wp-content\/uploads\/2023\/07\/Juvi-idrezo1-768x558.jpg 768w, https:\/\/4v.fr\/marketing-tourisme\/wp-content\/uploads\/2023\/07\/Juvi-idrezo1-1536x1117.jpg 1536w, https:\/\/4v.fr\/marketing-tourisme\/wp-content\/uploads\/2023\/07\/Juvi-idrezo1-2048x1489.jpg 2048w, https:\/\/4v.fr\/marketing-tourisme\/wp-content\/uploads\/2023\/07\/Juvi-idrezo1-1486x1080.jpg 1486w\" sizes=\"auto, (max-width: 1024px) 100vw, 1024px\" \/><\/figure><div class=\"wp-block-media-text__content\">\n<p>Nous travaillons en intelligence collective, nous partageons des valeurs communes et une grande expertise de l\u2019industrie touristique ce qui nous permet de monter des \u00e9quipes \u00ab\u00a0multi comp\u00e9tences\u00a0\u00bb pour r\u00e9pondre au mieux aux besoins de nos clients.<\/p>\n<\/div><\/div>\n<\/div>\n<\/div>\n\n\n\n<h4 class=\"wp-block-heading has-text-align-center\">Plus d&rsquo;informations sur la <a href=\"http:\/\/www.idrezo.com\" target=\"_blank\" rel=\"noreferrer noopener\">marque id-rezo<\/a><\/h4>\n","protected":false},"excerpt":{"rendered":"<p>Des experte.s, passionn\u00e9.e.s et compl\u00e9mentaires V\u00e9ronique VIDAL Sp\u00e9cialiste du marketing strat\u00e9gique appliqu\u00e9 et bilingue FR\/GB, V\u00e9ronique est titulaire d\u2019un BA of Honours International Business (University&hellip; <br \/> <a class=\"read-more\" href=\"https:\/\/4v.fr\/marketing-tourisme\/cabinet-4v-consultants-vivian_vidal-veronique-vidal-idrezo\/\">Lire la suite<\/a><\/p>\n","protected":false},"author":1,"featured_media":2665,"parent":0,"menu_order":2,"comment_status":"closed","ping_status":"closed","template":"","meta":{"_monsterinsights_skip_tracking":false,"_monsterinsights_sitenote_active":false,"_monsterinsights_sitenote_note":"","_monsterinsights_sitenote_category":0,"slim_seo":{"title":"INTERVENANT.E.S - 4V Tourisme Marketing Etude Enquete Conseil Formation Coaching Conf\u00e9rence","description":"Des experte.s, passionn\u00e9.e.s et compl\u00e9mentaires V\u00e9ronique VIDAL Sp\u00e9cialiste du marketing strat\u00e9gique appliqu\u00e9 et bilingue FR\/GB, V\u00e9ronique est titulaire d\u2019un BA"},"footnotes":""},"wf_page_folders":[],"class_list":["post-195","page","type-page","status-publish","has-post-thumbnail","hentry"],"_links":{"self":[{"href":"https:\/\/4v.fr\/marketing-tourisme\/wp-json\/wp\/v2\/pages\/195","targetHints":{"allow":["GET"]}}],"collection":[{"href":"https:\/\/4v.fr\/marketing-tourisme\/wp-json\/wp\/v2\/pages"}],"about":[{"href":"https:\/\/4v.fr\/marketing-tourisme\/wp-json\/wp\/v2\/types\/page"}],"author":[{"embeddable":true,"href":"https:\/\/4v.fr\/marketing-tourisme\/wp-json\/wp\/v2\/users\/1"}],"replies":[{"embeddable":true,"href":"https:\/\/4v.fr\/marketing-tourisme\/wp-json\/wp\/v2\/comments?post=195"}],"version-history":[{"count":0,"href":"https:\/\/4v.fr\/marketing-tourisme\/wp-json\/wp\/v2\/pages\/195\/revisions"}],"wp:featuredmedia":[{"embeddable":true,"href":"https:\/\/4v.fr\/marketing-tourisme\/wp-json\/wp\/v2\/media\/2665"}],"wp:attachment":[{"href":"https:\/\/4v.fr\/marketing-tourisme\/wp-json\/wp\/v2\/media?parent=195"}],"wp:term":[{"taxonomy":"wf_page_folders","embeddable":true,"href":"https:\/\/4v.fr\/marketing-tourisme\/wp-json\/wp\/v2\/wf_page_folders?post=195"}],"curies":[{"name":"wp","href":"https:\/\/api.w.org\/{rel}","templated":true}]}}