{"id":1517,"date":"2016-10-14T16:17:30","date_gmt":"2016-10-14T15:17:30","guid":{"rendered":"http:\/\/4v.fr\/marketing-tourisme\/?page_id=1517"},"modified":"2020-09-27T17:18:33","modified_gmt":"2020-09-27T16:18:33","slug":"charge-de-projet-etourisme-formation-certifiee","status":"publish","type":"page","link":"https:\/\/4v.fr\/marketing-tourisme\/charge-de-projet-etourisme-formation-certifiee\/","title":{"rendered":"Charge de projet etourisme"},"content":{"rendered":"<h2><strong>Charge de projet e-tourisme : 4V agr\u00e9\u00e9 par Office de Tourisme de France<br \/>\n<\/strong><\/h2>\n<p>Le cabinet 4V, membre actif de la marque d&rsquo;experts en e-tourisme <a href=\"http:\/\/formation-etourisme.com\/parcours\/charge-de-projet-etourisme\/\" target=\"_blank\" rel=\"noopener noreferrer\">id-rezo<\/a> a \u00e9t\u00e9 agr\u00e9\u00e9 par Office de Tourisme de France pour dispenser la formation <strong>Charg\u00e9 de Projet Etourisme,<\/strong> <strong>certification professionnelle de niveau 2<\/strong>, enregistr\u00e9e au R\u00e9pertoire National des Certifications Professionnelles (<a href=\"http:\/\/www.rncp.cncp.gouv.fr\/grand-public\/visualisationFiche?format=fr&amp;fiche=19432\">RNCP<\/a>).<\/p>\n<p>Ce titre, cr\u00e9\u00e9 et pilote par <strong>Office de Tourisme de France<\/strong>, a pour objectif de permettre au secteur touristique de relever le d\u00e9fi permanent de la r\u00e9volution num\u00e9rique.<\/p>\n<p>Nos formateurs ont particip\u00e9 \u00e0 la cr\u00e9ation de ce titre et travaillent avec OTF sur l\u2019\u00e9volution du r\u00e9f\u00e9rentiel et les modalit\u00e9s d\u2019\u00e9valuation pour les ann\u00e9es \u00e0 venir.<\/p>\n<p>Ce titre \u00ab\u00a0<strong>Charg\u00e9 de Projet Etourisme<\/strong>\u00a0\u00bb permet \u00e0 tous ceux qui se sont engag\u00e9s dans la voie de l\u2019animation et du d\u00e9veloppement num\u00e9rique de leur destination d\u2019\u00eatre reconnus officiellement par une valorisation des comp\u00e9tences et des savoir-faire acquis :<\/p>\n<ul>\n<li>C\u2019est un enjeu majeur pour toutes les structures institutionnelles du tourisme et pour leurs salari\u00e9s.<\/li>\n<li>C&rsquo;est le gage d\u2019acqu\u00e9rir une qualification reconnue sur le march\u00e9 du travail.<\/li>\n<li>C&rsquo;est une chance \u00e0 saisir pour une \u00e9volution de carri\u00e8re dans un paysage institutionnel marqu\u00e9 par les fusions et les regroupements territoriaux.<\/li>\n<\/ul>\n<h2>\u00a0<strong>Charge de projet e-tourisme : 3 parcours et 25 jours de formation<\/strong><\/h2>\n<p>Le cursus pour obtenir le titre \u00ab\u00a0Charg\u00e9 de projet etourisme\u00a0\u00bb s\u2019articule autour de <strong>7 blocs de comp\u00e9tences<\/strong> et repr\u00e9sente 25 jours de formation (175 heures).<\/p>\n<p>Ce cursus peut s&rsquo;organiser en un seul parcours de 25 jours \u00e0 r\u00e9partir sur une p\u00e9riode de 18 \u00e0 24 mois, ou en 3 parcours autonomes\u00a0 :<\/p>\n<ul>\n<li><strong>Parcours ANT (10 jours) : L\u2019Animateur Num\u00e9rique de Territoire qui valide les blocs 3, 4 &amp; 7<\/strong><\/li>\n<li><strong>Parcours MND (5 jours) : Manager Num\u00e9rique de Destination qui valide les blocs 1, 5 &amp; 6<\/strong><\/li>\n<li><strong>Parcours CMD (10 jours) : Community Manager de Destination qui valide les blocs 2 &amp; 7<\/strong><\/li>\n<\/ul>\n<p>Dans tous les cas, chaque bloc est soumis \u00e0 <strong>une \u00e9valuation sp\u00e9cifique qui respecte la cadre du r\u00e9f\u00e9rentiel <\/strong>et qui s\u2019organise en travail individuel mais aussi en groupe avec des pr\u00e9sentations orales et des dossiers \u00e0 remettre.<\/p>\n<p>Soucieux de r\u00e9pondre aux r\u00e9els enjeux du terrain, nous avons arr\u00eat\u00e9 <strong>une approche p\u00e9dagogique\u00a0tr\u00e8s op\u00e9rationnelle<\/strong>:<\/p>\n<ul>\n<li>De la formation en mode coaching<\/li>\n<li>Le positionnement marketing est constamment\u00a0pr\u00e9sent<\/li>\n<li>Une alternance entre apports th\u00e9oriques et mise en pratique e-touristique sur des actions r\u00e9elles de la destination est syst\u00e9matiquement privil\u00e9gi\u00e9e<\/li>\n<li>Sur chaque bloc, les stagiaires travaillent sur des outils concrets, facilement appropriables et utilisables dans leurs missions quotidiennes<\/li>\n<li>Une animation sur les r\u00e9seaux sociaux (groupe priv\u00e9) permet de g\u00e9n\u00e9rer des \u00e9changes permanents entre les stagiaires de la formation dans une logique d\u2019intelligence collective<\/li>\n<li>Un centre de ressources num\u00e9riques est mis \u00e0 la disposition de tous les participants pendant la dur\u00e9e de la formation<\/li>\n<\/ul>\n<hr \/>\n<blockquote>\n<p style=\"text-align: center\">Pour plus d&rsquo;informations sur la formation permettant d&rsquo;obtenir : <a href=\"http:\/\/formation-etourisme.com\/parcours\/charge-de-projet-etourisme\/\" target=\"_blank\" rel=\"noopener noreferrer\"><strong>le titre de charg\u00e9 de projet etourisme<\/strong><\/a><\/p>\n<p style=\"text-align: center\"><strong><a href=\"http:\/\/formation-etourisme.com\/parcours\/charge-de-projet-etourisme\/\" target=\"_blank\" rel=\"noopener noreferrer\"><img loading=\"lazy\" decoding=\"async\" class=\"wp-image-1521 size-full aligncenter\" src=\"http:\/\/4v.fr\/marketing-tourisme\/wp-content\/uploads\/2016\/10\/logo_idrezo_HD-e1476458949366.jpg\" alt=\"logo_idrezo_hd\" width=\"150\" height=\"100\" \/><\/a><\/strong><\/p>\n<p style=\"text-align: center\"><a href=\"http:\/\/formation-etourisme.com\/parcours\/charge-de-projet-etourisme\/\" target=\"_blank\" rel=\"noopener noreferrer\"><strong>Contactez directement les experts de la marque <\/strong><\/a><strong><a href=\"http:\/\/formation-etourisme.com\/contact-2\/\" target=\"_blank\" rel=\"noopener noreferrer\"><span style=\"text-decoration: underline\">id-rezo<\/span><\/a><\/strong><\/p>\n<\/blockquote>\n","protected":false},"excerpt":{"rendered":"<p>Charge de projet e-tourisme : 4V agr\u00e9\u00e9 par Office de Tourisme de France Le cabinet 4V, membre actif de la marque d&rsquo;experts en e-tourisme id-rezo&hellip; <br \/> <a class=\"read-more\" href=\"https:\/\/4v.fr\/marketing-tourisme\/charge-de-projet-etourisme-formation-certifiee\/\">Lire la suite<\/a><\/p>\n","protected":false},"author":3,"featured_media":0,"parent":0,"menu_order":0,"comment_status":"closed","ping_status":"closed","template":"","meta":{"_monsterinsights_skip_tracking":false,"_monsterinsights_sitenote_active":false,"_monsterinsights_sitenote_note":"","_monsterinsights_sitenote_category":0,"slim_seo":{"title":"Charge de projet etourisme - 4V Tourisme Marketing Etude Enquete Conseil Formation Coaching Conf\u00e9rence","description":"Charge de projet e-tourisme : 4V agr\u00e9\u00e9 par Office de Tourisme de France Le cabinet 4V, membre actif de la marque d'experts en e-tourisme id-rezo a \u00e9t\u00e9 agr\u00e9\u00e9 par"},"footnotes":""},"wf_page_folders":[],"class_list":["post-1517","page","type-page","status-publish","hentry"],"_links":{"self":[{"href":"https:\/\/4v.fr\/marketing-tourisme\/wp-json\/wp\/v2\/pages\/1517","targetHints":{"allow":["GET"]}}],"collection":[{"href":"https:\/\/4v.fr\/marketing-tourisme\/wp-json\/wp\/v2\/pages"}],"about":[{"href":"https:\/\/4v.fr\/marketing-tourisme\/wp-json\/wp\/v2\/types\/page"}],"author":[{"embeddable":true,"href":"https:\/\/4v.fr\/marketing-tourisme\/wp-json\/wp\/v2\/users\/3"}],"replies":[{"embeddable":true,"href":"https:\/\/4v.fr\/marketing-tourisme\/wp-json\/wp\/v2\/comments?post=1517"}],"version-history":[{"count":0,"href":"https:\/\/4v.fr\/marketing-tourisme\/wp-json\/wp\/v2\/pages\/1517\/revisions"}],"wp:attachment":[{"href":"https:\/\/4v.fr\/marketing-tourisme\/wp-json\/wp\/v2\/media?parent=1517"}],"wp:term":[{"taxonomy":"wf_page_folders","embeddable":true,"href":"https:\/\/4v.fr\/marketing-tourisme\/wp-json\/wp\/v2\/wf_page_folders?post=1517"}],"curies":[{"name":"wp","href":"https:\/\/api.w.org\/{rel}","templated":true}]}}